{"id":4795,"date":"2026-03-16T18:26:19","date_gmt":"2026-03-16T16:26:19","guid":{"rendered":"https:\/\/www.scentechnologies.com\/?page_id=4795"},"modified":"2026-03-16T18:26:53","modified_gmt":"2026-03-16T16:26:53","slug":"absorbe-olores-potente","status":"publish","type":"page","link":"https:\/\/www.scentechnologies.com\/cr\/absorbe-olores-potente\/","title":{"rendered":"Absorbe olores potente"},"content":{"rendered":"\t\t<div data-elementor-type=\"wp-page\" data-elementor-id=\"4795\" class=\"elementor elementor-4795\" data-elementor-post-type=\"page\">\n\t\t\t\t\t\t<section class=\"elementor-section elementor-top-section elementor-element elementor-element-1692e5e8 elementor-section-boxed elementor-section-height-default elementor-section-height-default\" data-id=\"1692e5e8\" data-element_type=\"section\" data-e-type=\"section\" data-settings=\"{&quot;background_background&quot;:&quot;classic&quot;}\">\n\t\t\t\t\t\t\t<div class=\"elementor-background-overlay\"><\/div>\n\t\t\t\t\t\t\t<div class=\"elementor-container elementor-column-gap-default\">\n\t\t\t\t\t<div class=\"elementor-column elementor-col-100 elementor-top-column elementor-element elementor-element-6db378a8\" data-id=\"6db378a8\" data-element_type=\"column\" data-e-type=\"column\">\n\t\t\t<div class=\"elementor-widget-wrap elementor-element-populated\">\n\t\t\t\t\t\t<div class=\"elementor-element elementor-element-54addc7f elementor-widget elementor-widget-heading\" data-id=\"54addc7f\" data-element_type=\"widget\" data-e-type=\"widget\" data-widget_type=\"heading.default\">\n\t\t\t\t<div class=\"elementor-widget-container\">\n\t\t\t\t\t<h1 class=\"elementor-heading-title elementor-size-default\">Absorbe olores potente<\/h1>\t\t\t\t<\/div>\n\t\t\t\t<\/div>\n\t\t\t\t<div class=\"elementor-element elementor-element-58b523f elementor-widget__width-initial elementor-widget elementor-widget-text-editor\" data-id=\"58b523f\" data-element_type=\"widget\" data-e-type=\"widget\" data-widget_type=\"text-editor.default\">\n\t\t\t\t<div class=\"elementor-widget-container\">\n\t\t\t\t\t\t\t\t\t<p>Todas las soluciones de Scentechnologies utilizan nuestra tecnolog\u00eda molecular que elimina olores espec\u00edficos al instante. Contamos con soluciones para cada necesidad, ya sea profesional o dom\u00e9stica.<\/p>\t\t\t\t\t\t\t\t<\/div>\n\t\t\t\t<\/div>\n\t\t\t\t\t<\/div>\n\t\t<\/div>\n\t\t\t\t\t<\/div>\n\t\t<\/section>\n\t\t\t\t<section class=\"elementor-section elementor-top-section elementor-element elementor-element-b4f0516 elementor-section-boxed elementor-section-height-default elementor-section-height-default\" data-id=\"b4f0516\" data-element_type=\"section\" data-e-type=\"section\">\n\t\t\t\t\t\t<div class=\"elementor-container elementor-column-gap-default\">\n\t\t\t\t\t<div class=\"elementor-column elementor-col-100 elementor-top-column elementor-element elementor-element-bd0bc85\" data-id=\"bd0bc85\" data-element_type=\"column\" data-e-type=\"column\">\n\t\t\t<div class=\"elementor-widget-wrap elementor-element-populated\">\n\t\t\t\t\t\t<div class=\"elementor-element elementor-element-d53cebb elementor-widget elementor-widget-text-editor\" data-id=\"d53cebb\" data-element_type=\"widget\" data-e-type=\"widget\" data-widget_type=\"text-editor.default\">\n\t\t\t\t<div class=\"elementor-widget-container\">\n\t\t\t\t\t\t\t\t\t<h3>Absorbe Olores Potente con el Spray de Scentechnologies: La soluci\u00f3n perfecta<\/h3><p>Vivir o trabajar en un espacio fresco y libre de olores indeseados es esencial, y en <span style=\"text-decoration: underline;\"><strong><a href=\"https:\/\/www.scentechnologies.com\/\">Scentechnologies<\/a><\/strong><\/span> entendemos la importancia de mantener un ambiente impecable tanto en hogares como en negocios de gran tama\u00f1o. Nuestra soluci\u00f3n hidrosoluble Spray,\u00a0<strong>\u00abObserbe Olores Potente\u00bb<\/strong>, es la respuesta instant\u00e1nea a todas tus preocupaciones olfativas.<\/p>\t\t\t\t\t\t\t\t<\/div>\n\t\t\t\t<\/div>\n\t\t\t\t\t<\/div>\n\t\t<\/div>\n\t\t\t\t\t<\/div>\n\t\t<\/section>\n\t\t\t\t<section class=\"elementor-section elementor-top-section elementor-element elementor-element-9384fef elementor-section-boxed elementor-section-height-default elementor-section-height-default\" data-id=\"9384fef\" data-element_type=\"section\" data-e-type=\"section\">\n\t\t\t\t\t\t<div class=\"elementor-container elementor-column-gap-default\">\n\t\t\t\t\t<div class=\"elementor-column elementor-col-100 elementor-top-column elementor-element elementor-element-7277456\" data-id=\"7277456\" data-element_type=\"column\" data-e-type=\"column\">\n\t\t\t<div class=\"elementor-widget-wrap elementor-element-populated\">\n\t\t\t\t\t\t<div class=\"elementor-element elementor-element-7f80dc1 elementor-widget elementor-widget-text-editor\" data-id=\"7f80dc1\" data-element_type=\"widget\" data-e-type=\"widget\" data-widget_type=\"text-editor.default\">\n\t\t\t\t<div class=\"elementor-widget-container\">\n\t\t\t\t\t\t\t\t\t<h3>Absorbe olores para Empresas de Gran Tama\u00f1o<\/h3><p><strong>La Elecci\u00f3n Perfecta para eliminar olores en Espacios Comerciales<\/strong><\/p><p>Los negocios de gran tama\u00f1o requieren soluciones potentes, y nuestro Spray elimina olores es la opci\u00f3n ideal. Ya sea en oficinas, habitaciones de hoteles, restaurantes, o cualquier otro espacio comercial, Scentechnologies garantiza que tu entorno siempre proyecte una imagen impecable y profesional, sin rastro de olores desagradables.<\/p><p><strong>Aumenta la Satisfacci\u00f3n del Cliente y del Empleado<\/strong><\/p><p>Un ambiente fresco y limpio no solo beneficia a tus clientes, sino tambi\u00e9n a tus empleados. Un lugar de trabajo libre de olores indeseados contribuye a un ambiente m\u00e1s productivo y agradable, mejorando la satisfacci\u00f3n y el rendimiento general.<\/p><p>\u00a0<\/p><h3>Absorbe olores potente para tu hogar<\/h3><p><strong>Transforma tu Hogar en un Oasis de Frescura<\/strong><\/p><p>Imagina llegar a casa y ser recibido por un ambiente fresco y acogedor. Con nuestro Spray elimina olores potente, cada rinc\u00f3n de tu hogar se impregnar\u00e1 de una frescura duradera. Ya no tendr\u00e1s que preocuparte por olores persistentes, ya que nuestra f\u00f3rmula avanzada los neutraliza eficazmente, proporcionando un entorno limpio y agradable para tu familia.<\/p><p><strong>Variedad soluciones para todas tus necesidades\u00a0<\/strong><\/p><p>En Scentechnologies, comprendemos que cada lugar es \u00fanico, al igual que sus preferencias de fragancia. Ofrecemos una amplia variedad de opciones para que puedas personalizar la experiencia olfativa de tu local.<\/p>\t\t\t\t\t\t\t\t<\/div>\n\t\t\t\t<\/div>\n\t\t\t\t<div class=\"elementor-element elementor-element-2906152 elementor-widget elementor-widget-text-editor\" data-id=\"2906152\" data-element_type=\"widget\" data-e-type=\"widget\" data-widget_type=\"text-editor.default\">\n\t\t\t\t<div class=\"elementor-widget-container\">\n\t\t\t\t\t\t\t\t\t<h3>Compra tu Spray eliminador de olores potente. \u00bfPor Qu\u00e9 Elegir Scentechnologies?<\/h3><p><strong>Tecnolog\u00eda Avanzada para Resultados Duraderos<\/strong><\/p><p>En el coraz\u00f3n de nuestro Elimina Olores Potente se encuentra una tecnolog\u00eda avanzada que va m\u00e1s all\u00e1 de enmascarar olores. Neutralizamos la fuente del problema, asegurando que los olores desaparezcan y no vuelvan a molestar.<\/p><p><strong>Adaptabilidad a Diferentes Espacios<\/strong><\/p><p>Ya sea en el hogar o en un negocio de gran tama\u00f1o, nuestro producto se adapta a diferentes entornos. Su versatilidad lo convierte en la opci\u00f3n perfecta para satisfacer las necesidades de diversos clientes.<\/p><p>\u00a0<\/p><h3>Experimenta la diferencia con Scentechnologies y su eliminador de olores potente<\/h3><p><strong>\u00danete a la Revoluci\u00f3n Olfativa<\/strong><\/p><p>No te conformes con soluciones temporales. Experimenta la diferencia con Scentechnologies y transforma tu hogar o negocio en un espacio libre de olores indeseados. Descubre c\u00f3mo nuestro spray eliminador de olores potente puede elevar la calidad de tu entorno, creando una atm\u00f3sfera impecable que dejar\u00e1 una impresi\u00f3n duradera.<\/p><p>En Scentechnologies, no solo eliminamos olores, creamos experiencias olfativas inigualables. \u00danete a la revoluci\u00f3n y haz que cada rinc\u00f3n cuente con la frescura que solo nosotros podemos ofrecer. \u00a1Descubre la eficacia de Scentechnologies hoy mismo!<\/p><p>Ponte en <span style=\"text-decoration: underline;\"><strong><a href=\"https:\/\/www.scentechnologies.com\/contacto\/\">contacto<\/a><\/strong><\/span> con nosotros y te ayudaremos a encontrar el eliminador de olores que mejor se ajuste a tus necesidades.<\/p>\t\t\t\t\t\t\t\t<\/div>\n\t\t\t\t<\/div>\n\t\t\t\t\t<\/div>\n\t\t<\/div>\n\t\t\t\t\t<\/div>\n\t\t<\/section>\n\t\t\t\t<section class=\"elementor-section elementor-top-section elementor-element elementor-element-29d098a elementor-section-content-middle elementor-section-boxed elementor-section-height-default elementor-section-height-default elementor-invisible\" data-id=\"29d098a\" data-element_type=\"section\" data-e-type=\"section\" data-settings=\"{&quot;background_background&quot;:&quot;classic&quot;,&quot;background_motion_fx_motion_fx_scrolling&quot;:&quot;yes&quot;,&quot;background_motion_fx_translateX_effect&quot;:&quot;yes&quot;,&quot;background_motion_fx_translateX_direction&quot;:&quot;negative&quot;,&quot;background_motion_fx_translateX_speed&quot;:{&quot;unit&quot;:&quot;px&quot;,&quot;size&quot;:6.5,&quot;sizes&quot;:[]},&quot;animation&quot;:&quot;slideInUp&quot;,&quot;background_motion_fx_translateX_affectedRange&quot;:{&quot;unit&quot;:&quot;%&quot;,&quot;size&quot;:&quot;&quot;,&quot;sizes&quot;:{&quot;start&quot;:0,&quot;end&quot;:100}},&quot;background_motion_fx_devices&quot;:[&quot;desktop&quot;,&quot;tablet&quot;,&quot;mobile&quot;]}\">\n\t\t\t\t\t\t\t<div class=\"elementor-background-overlay\"><\/div>\n\t\t\t\t\t\t\t<div class=\"elementor-container elementor-column-gap-default\">\n\t\t\t\t\t<div class=\"elementor-column elementor-col-50 elementor-top-column elementor-element elementor-element-9892712\" data-id=\"9892712\" data-element_type=\"column\" data-e-type=\"column\">\n\t\t\t<div class=\"elementor-widget-wrap elementor-element-populated\">\n\t\t\t\t\t\t<div class=\"elementor-element elementor-element-f1d9088 elementor-widget-mobile__width-initial elementor-widget elementor-widget-heading\" data-id=\"f1d9088\" data-element_type=\"widget\" data-e-type=\"widget\" data-widget_type=\"heading.default\">\n\t\t\t\t<div class=\"elementor-widget-container\">\n\t\t\t\t\t<h3 class=\"elementor-heading-title elementor-size-default\">Neutraliza olores desde la mol\u00e9cula<\/h3>\t\t\t\t<\/div>\n\t\t\t\t<\/div>\n\t\t\t\t\t<\/div>\n\t\t<\/div>\n\t\t\t\t<div class=\"elementor-column elementor-col-50 elementor-top-column elementor-element elementor-element-99e665e\" data-id=\"99e665e\" data-element_type=\"column\" data-e-type=\"column\">\n\t\t\t<div class=\"elementor-widget-wrap elementor-element-populated\">\n\t\t\t\t\t\t<div class=\"elementor-element elementor-element-07d8d2d elementor-align-right elementor-tablet-align-right elementor-mobile-align-justify elementor-widget-tablet__width-initial elementor-widget-mobile__width-initial elementor-widget elementor-widget-button\" data-id=\"07d8d2d\" data-element_type=\"widget\" data-e-type=\"widget\" data-widget_type=\"button.default\">\n\t\t\t\t<div class=\"elementor-widget-container\">\n\t\t\t\t\t\t\t\t\t<div class=\"elementor-button-wrapper\">\n\t\t\t\t\t<a class=\"elementor-button elementor-button-link elementor-size-sm\" href=\"https:\/\/www.scentechnologies.com\/contacto\/\">\n\t\t\t\t\t\t<span class=\"elementor-button-content-wrapper\">\n\t\t\t\t\t\t\t\t\t<span class=\"elementor-button-text\">Contacto<\/span>\n\t\t\t\t\t<\/span>\n\t\t\t\t\t<\/a>\n\t\t\t\t<\/div>\n\t\t\t\t\t\t\t\t<\/div>\n\t\t\t\t<\/div>\n\t\t\t\t\t<\/div>\n\t\t<\/div>\n\t\t\t\t\t<\/div>\n\t\t<\/section>\n\t\t\t\t<\/div>\n\t\t","protected":false},"excerpt":{"rendered":"<p>Absorbe olores potente Todas las soluciones de Scentechnologies utilizan nuestra tecnolog\u00eda molecular que elimina olores espec\u00edficos al instante. Contamos con soluciones para cada necesidad, ya sea profesional o dom\u00e9stica. Absorbe Olores Potente con el Spray de Scentechnologies: La soluci\u00f3n perfecta Vivir o trabajar en un espacio fresco y libre de olores indeseados es esencial, y [&hellip;]<\/p>\n","protected":false},"author":1,"featured_media":0,"parent":0,"menu_order":0,"comment_status":"closed","ping_status":"closed","template":"elementor_header_footer","meta":{"_monsterinsights_skip_tracking":false,"_monsterinsights_sitenote_active":false,"_monsterinsights_sitenote_note":"","_monsterinsights_sitenote_category":0,"footnotes":""},"class_list":["post-4795","page","type-page","status-publish","hentry"],"yoast_head":"<!-- This site is optimized with the Yoast SEO plugin v27.2 - https:\/\/yoast.com\/product\/yoast-seo-wordpress\/ -->\n<title>Absorbe Olores Potente - Scentechnologies<\/title>\n<meta name=\"description\" content=\"Con nuestro absorbe olores potente, experimentar\u00e1s la frescura duradera que siempre has deseado. Tecnolog\u00eda que elimina los olores de ra\u00edz.\" \/>\n<meta name=\"robots\" content=\"index, follow, max-snippet:-1, max-image-preview:large, max-video-preview:-1\" \/>\n<link rel=\"canonical\" href=\"https:\/\/www.scentechnologies.com\/cr\/absorbe-olores-potente\/\" \/>\n<meta property=\"og:locale\" content=\"es_ES\" \/>\n<meta property=\"og:type\" content=\"article\" \/>\n<meta property=\"og:title\" content=\"Absorbe Olores Potente - Scentechnologies\" \/>\n<meta property=\"og:description\" content=\"Con nuestro absorbe olores potente, experimentar\u00e1s la frescura duradera que siempre has deseado. Tecnolog\u00eda que elimina los olores de ra\u00edz.\" \/>\n<meta property=\"og:url\" content=\"https:\/\/www.scentechnologies.com\/cr\/absorbe-olores-potente\/\" \/>\n<meta property=\"og:site_name\" content=\"Scentechnologies\" \/>\n<meta property=\"article:modified_time\" content=\"2026-03-16T16:26:53+00:00\" \/>\n<meta name=\"twitter:card\" content=\"summary_large_image\" \/>\n<meta name=\"twitter:label1\" content=\"Est. reading time\" \/>\n\t<meta name=\"twitter:data1\" content=\"3 minutos\" \/>\n<script type=\"application\/ld+json\" class=\"yoast-schema-graph\">{\"@context\":\"https:\/\/schema.org\",\"@graph\":[{\"@type\":\"WebPage\",\"@id\":\"https:\/\/www.scentechnologies.com\/absorbe-olores-potente\/\",\"url\":\"https:\/\/www.scentechnologies.com\/absorbe-olores-potente\/\",\"name\":\"Absorbe Olores Potente - Scentechnologies\",\"isPartOf\":{\"@id\":\"https:\/\/www.scentechnologies.com\/#website\"},\"datePublished\":\"2026-03-16T16:26:19+00:00\",\"dateModified\":\"2026-03-16T16:26:53+00:00\",\"description\":\"Con nuestro absorbe olores potente, experimentar\u00e1s la frescura duradera que siempre has deseado. Tecnolog\u00eda que elimina los olores de ra\u00edz.\",\"breadcrumb\":{\"@id\":\"https:\/\/www.scentechnologies.com\/absorbe-olores-potente\/#breadcrumb\"},\"inLanguage\":\"es-CR\",\"potentialAction\":[{\"@type\":\"ReadAction\",\"target\":[\"https:\/\/www.scentechnologies.com\/absorbe-olores-potente\/\"]}]},{\"@type\":\"BreadcrumbList\",\"@id\":\"https:\/\/www.scentechnologies.com\/absorbe-olores-potente\/#breadcrumb\",\"itemListElement\":[{\"@type\":\"ListItem\",\"position\":1,\"name\":\"Portada\",\"item\":\"https:\/\/www.scentechnologies.com\/\"},{\"@type\":\"ListItem\",\"position\":2,\"name\":\"Absorbe olores potente\"}]},{\"@type\":\"WebSite\",\"@id\":\"https:\/\/www.scentechnologies.com\/#website\",\"url\":\"https:\/\/www.scentechnologies.com\/\",\"name\":\"Scentechnologies\",\"description\":\"Eliminamos olores desde la mol\u00e9cula.\",\"publisher\":{\"@id\":\"https:\/\/www.scentechnologies.com\/#organization\"},\"potentialAction\":[{\"@type\":\"SearchAction\",\"target\":{\"@type\":\"EntryPoint\",\"urlTemplate\":\"https:\/\/www.scentechnologies.com\/?s={search_term_string}\"},\"query-input\":{\"@type\":\"PropertyValueSpecification\",\"valueRequired\":true,\"valueName\":\"search_term_string\"}}],\"inLanguage\":\"es-CR\"},{\"@type\":\"Organization\",\"@id\":\"https:\/\/www.scentechnologies.com\/#organization\",\"name\":\"Scentechnologies\",\"url\":\"https:\/\/www.scentechnologies.com\/\",\"logo\":{\"@type\":\"ImageObject\",\"inLanguage\":\"es-CR\",\"@id\":\"https:\/\/www.scentechnologies.com\/#\/schema\/logo\/image\/\",\"url\":\"https:\/\/www.scentechnologies.com\/wp-content\/uploads\/2023\/06\/Scent.oscuro.webp\",\"contentUrl\":\"https:\/\/www.scentechnologies.com\/wp-content\/uploads\/2023\/06\/Scent.oscuro.webp\",\"width\":520,\"height\":158,\"caption\":\"Scentechnologies\"},\"image\":{\"@id\":\"https:\/\/www.scentechnologies.com\/#\/schema\/logo\/image\/\"},\"sameAs\":[\"https:\/\/www.linkedin.com\/company\/scentechnologies\/\"]}]}<\/script>\n<!-- \/ Yoast SEO plugin. -->","yoast_head_json":{"title":"Absorbe Olores Potente - Scentechnologies","description":"Con nuestro absorbe olores potente, experimentar\u00e1s la frescura duradera que siempre has deseado. Tecnolog\u00eda que elimina los olores de ra\u00edz.","robots":{"index":"index","follow":"follow","max-snippet":"max-snippet:-1","max-image-preview":"max-image-preview:large","max-video-preview":"max-video-preview:-1"},"canonical":"https:\/\/www.scentechnologies.com\/cr\/absorbe-olores-potente\/","og_locale":"es_ES","og_type":"article","og_title":"Absorbe Olores Potente - Scentechnologies","og_description":"Con nuestro absorbe olores potente, experimentar\u00e1s la frescura duradera que siempre has deseado. Tecnolog\u00eda que elimina los olores de ra\u00edz.","og_url":"https:\/\/www.scentechnologies.com\/cr\/absorbe-olores-potente\/","og_site_name":"Scentechnologies","article_modified_time":"2026-03-16T16:26:53+00:00","twitter_card":"summary_large_image","twitter_misc":{"Est. reading time":"3 minutos"},"schema":{"@context":"https:\/\/schema.org","@graph":[{"@type":"WebPage","@id":"https:\/\/www.scentechnologies.com\/absorbe-olores-potente\/","url":"https:\/\/www.scentechnologies.com\/absorbe-olores-potente\/","name":"Absorbe Olores Potente - Scentechnologies","isPartOf":{"@id":"https:\/\/www.scentechnologies.com\/#website"},"datePublished":"2026-03-16T16:26:19+00:00","dateModified":"2026-03-16T16:26:53+00:00","description":"Con nuestro absorbe olores potente, experimentar\u00e1s la frescura duradera que siempre has deseado. Tecnolog\u00eda que elimina los olores de ra\u00edz.","breadcrumb":{"@id":"https:\/\/www.scentechnologies.com\/absorbe-olores-potente\/#breadcrumb"},"inLanguage":"es-CR","potentialAction":[{"@type":"ReadAction","target":["https:\/\/www.scentechnologies.com\/absorbe-olores-potente\/"]}]},{"@type":"BreadcrumbList","@id":"https:\/\/www.scentechnologies.com\/absorbe-olores-potente\/#breadcrumb","itemListElement":[{"@type":"ListItem","position":1,"name":"Portada","item":"https:\/\/www.scentechnologies.com\/"},{"@type":"ListItem","position":2,"name":"Absorbe olores potente"}]},{"@type":"WebSite","@id":"https:\/\/www.scentechnologies.com\/#website","url":"https:\/\/www.scentechnologies.com\/","name":"Scentechnologies","description":"Eliminamos olores desde la mol\u00e9cula.","publisher":{"@id":"https:\/\/www.scentechnologies.com\/#organization"},"potentialAction":[{"@type":"SearchAction","target":{"@type":"EntryPoint","urlTemplate":"https:\/\/www.scentechnologies.com\/?s={search_term_string}"},"query-input":{"@type":"PropertyValueSpecification","valueRequired":true,"valueName":"search_term_string"}}],"inLanguage":"es-CR"},{"@type":"Organization","@id":"https:\/\/www.scentechnologies.com\/#organization","name":"Scentechnologies","url":"https:\/\/www.scentechnologies.com\/","logo":{"@type":"ImageObject","inLanguage":"es-CR","@id":"https:\/\/www.scentechnologies.com\/#\/schema\/logo\/image\/","url":"https:\/\/www.scentechnologies.com\/wp-content\/uploads\/2023\/06\/Scent.oscuro.webp","contentUrl":"https:\/\/www.scentechnologies.com\/wp-content\/uploads\/2023\/06\/Scent.oscuro.webp","width":520,"height":158,"caption":"Scentechnologies"},"image":{"@id":"https:\/\/www.scentechnologies.com\/#\/schema\/logo\/image\/"},"sameAs":["https:\/\/www.linkedin.com\/company\/scentechnologies\/"]}]}},"_links":{"self":[{"href":"https:\/\/www.scentechnologies.com\/cr\/wp-json\/wp\/v2\/pages\/4795","targetHints":{"allow":["GET"]}}],"collection":[{"href":"https:\/\/www.scentechnologies.com\/cr\/wp-json\/wp\/v2\/pages"}],"about":[{"href":"https:\/\/www.scentechnologies.com\/cr\/wp-json\/wp\/v2\/types\/page"}],"author":[{"embeddable":true,"href":"https:\/\/www.scentechnologies.com\/cr\/wp-json\/wp\/v2\/users\/1"}],"replies":[{"embeddable":true,"href":"https:\/\/www.scentechnologies.com\/cr\/wp-json\/wp\/v2\/comments?post=4795"}],"version-history":[{"count":4,"href":"https:\/\/www.scentechnologies.com\/cr\/wp-json\/wp\/v2\/pages\/4795\/revisions"}],"predecessor-version":[{"id":4810,"href":"https:\/\/www.scentechnologies.com\/cr\/wp-json\/wp\/v2\/pages\/4795\/revisions\/4810"}],"wp:attachment":[{"href":"https:\/\/www.scentechnologies.com\/cr\/wp-json\/wp\/v2\/media?parent=4795"}],"curies":[{"name":"wp","href":"https:\/\/api.w.org\/{rel}","templated":true}]}}