{"id":3231,"date":"2024-08-29T11:45:05","date_gmt":"2024-08-29T09:45:05","guid":{"rendered":"https:\/\/www.scentechnologies.com\/?page_id=3231"},"modified":"2026-03-26T17:38:57","modified_gmt":"2026-03-26T15:38:57","slug":"polymer","status":"publish","type":"page","link":"https:\/\/www.scentechnologies.com\/en\/professional-solutions\/polymer\/","title":{"rendered":"Polymer"},"content":{"rendered":"\t\t<div data-elementor-type=\"wp-page\" data-elementor-id=\"3231\" class=\"elementor elementor-3231\" data-elementor-post-type=\"page\">\n\t\t\t\t\t\t<section class=\"elementor-section elementor-top-section elementor-element elementor-element-4143b43 elementor-section-full_width elementor-section-height-min-height elementor-section-content-middle elementor-section-height-default elementor-section-items-middle\" data-id=\"4143b43\" data-element_type=\"section\" data-e-type=\"section\" data-settings=\"{&quot;background_background&quot;:&quot;video&quot;}\">\n\t\t\t\t\t\t<div class=\"elementor-container elementor-column-gap-default\">\n\t\t\t\t\t<div class=\"elementor-column elementor-col-100 elementor-top-column elementor-element elementor-element-0cbee9b\" data-id=\"0cbee9b\" data-element_type=\"column\" data-e-type=\"column\">\n\t\t\t<div class=\"elementor-widget-wrap elementor-element-populated\">\n\t\t\t\t\t\t<div class=\"elementor-element elementor-element-5ff99f1 elementor-widget elementor-widget-image\" data-id=\"5ff99f1\" data-element_type=\"widget\" data-e-type=\"widget\" data-widget_type=\"image.default\">\n\t\t\t\t<div class=\"elementor-widget-container\">\n\t\t\t\t\t\t\t\t\t\t\t\t\t\t\t<img fetchpriority=\"high\" decoding=\"async\" width=\"800\" height=\"200\" src=\"https:\/\/www.scentechnologies.com\/wp-content\/uploads\/2024\/02\/Polymer-normal-oscuro-1024x256.webp\" class=\"attachment-large size-large wp-image-2108\" alt=\"\" srcset=\"https:\/\/www.scentechnologies.com\/wp-content\/uploads\/2024\/02\/Polymer-normal-oscuro-1024x256.webp 1024w, https:\/\/www.scentechnologies.com\/wp-content\/uploads\/2024\/02\/Polymer-normal-oscuro-300x75.webp 300w, https:\/\/www.scentechnologies.com\/wp-content\/uploads\/2024\/02\/Polymer-normal-oscuro-768x192.webp 768w, https:\/\/www.scentechnologies.com\/wp-content\/uploads\/2024\/02\/Polymer-normal-oscuro-1536x385.webp 1536w, https:\/\/www.scentechnologies.com\/wp-content\/uploads\/2024\/02\/Polymer-normal-oscuro-18x5.webp 18w, https:\/\/www.scentechnologies.com\/wp-content\/uploads\/2024\/02\/Polymer-normal-oscuro.webp 1749w\" sizes=\"(max-width: 800px) 100vw, 800px\" \/>\t\t\t\t\t\t\t\t\t\t\t\t\t\t\t<\/div>\n\t\t\t\t<\/div>\n\t\t\t\t<div class=\"elementor-element elementor-element-bf61687 elementor-widget elementor-widget-image\" data-id=\"bf61687\" data-element_type=\"widget\" data-e-type=\"widget\" data-settings=\"{&quot;motion_fx_motion_fx_scrolling&quot;:&quot;yes&quot;,&quot;motion_fx_translateY_effect&quot;:&quot;yes&quot;,&quot;motion_fx_translateY_speed&quot;:{&quot;unit&quot;:&quot;px&quot;,&quot;size&quot;:3.6,&quot;sizes&quot;:[]},&quot;motion_fx_rotateZ_effect&quot;:&quot;yes&quot;,&quot;motion_fx_rotateZ_direction&quot;:&quot;negative&quot;,&quot;motion_fx_translateY_affectedRange&quot;:{&quot;unit&quot;:&quot;%&quot;,&quot;size&quot;:&quot;&quot;,&quot;sizes&quot;:{&quot;start&quot;:0,&quot;end&quot;:100}},&quot;motion_fx_rotateZ_speed&quot;:{&quot;unit&quot;:&quot;px&quot;,&quot;size&quot;:1,&quot;sizes&quot;:[]},&quot;motion_fx_rotateZ_affectedRange&quot;:{&quot;unit&quot;:&quot;%&quot;,&quot;size&quot;:&quot;&quot;,&quot;sizes&quot;:{&quot;start&quot;:0,&quot;end&quot;:100}},&quot;motion_fx_devices&quot;:[&quot;desktop&quot;,&quot;tablet&quot;,&quot;mobile&quot;]}\" data-widget_type=\"image.default\">\n\t\t\t\t<div class=\"elementor-widget-container\">\n\t\t\t\t\t\t\t\t\t\t\t\t\t\t\t<img decoding=\"async\" width=\"800\" height=\"801\" src=\"https:\/\/www.scentechnologies.com\/wp-content\/uploads\/2026\/03\/Polymer-Standard-Package.png\" class=\"attachment-large size-large wp-image-4908\" alt=\"\" srcset=\"https:\/\/www.scentechnologies.com\/wp-content\/uploads\/2026\/03\/Polymer-Standard-Package.png 924w, https:\/\/www.scentechnologies.com\/wp-content\/uploads\/2026\/03\/Polymer-Standard-Package-300x300.png 300w, https:\/\/www.scentechnologies.com\/wp-content\/uploads\/2026\/03\/Polymer-Standard-Package-150x150.png 150w, https:\/\/www.scentechnologies.com\/wp-content\/uploads\/2026\/03\/Polymer-Standard-Package-768x769.png 768w, https:\/\/www.scentechnologies.com\/wp-content\/uploads\/2026\/03\/Polymer-Standard-Package-12x12.png 12w\" sizes=\"(max-width: 800px) 100vw, 800px\" \/>\t\t\t\t\t\t\t\t\t\t\t\t\t\t\t<\/div>\n\t\t\t\t<\/div>\n\t\t\t\t<div class=\"elementor-element elementor-element-45d5834 elementor-widget elementor-widget-heading\" data-id=\"45d5834\" data-element_type=\"widget\" data-e-type=\"widget\" data-widget_type=\"heading.default\">\n\t\t\t\t<div class=\"elementor-widget-container\">\n\t\t\t\t\t<h2 class=\"elementor-heading-title elementor-size-default\">Eliminaci\u00f3n en espacios medianos.<\/h2>\t\t\t\t<\/div>\n\t\t\t\t<\/div>\n\t\t\t\t\t<\/div>\n\t\t<\/div>\n\t\t\t\t\t<\/div>\n\t\t<\/section>\n\t\t\t\t<section class=\"elementor-section elementor-top-section elementor-element elementor-element-232a900 elementor-section-content-middle elementor-reverse-mobile elementor-section-boxed elementor-section-height-default elementor-section-height-default elementor-invisible\" data-id=\"232a900\" data-element_type=\"section\" data-e-type=\"section\" data-settings=\"{&quot;background_background&quot;:&quot;classic&quot;,&quot;animation&quot;:&quot;slideInUp&quot;}\">\n\t\t\t\t\t\t<div class=\"elementor-container elementor-column-gap-no\">\n\t\t\t\t\t<div class=\"elementor-column elementor-col-50 elementor-top-column elementor-element elementor-element-95a3d30\" data-id=\"95a3d30\" data-element_type=\"column\" data-e-type=\"column\">\n\t\t\t<div class=\"elementor-widget-wrap elementor-element-populated\">\n\t\t\t\t\t\t<div class=\"elementor-element elementor-element-8047925 elementor-widget elementor-widget-menu-anchor\" data-id=\"8047925\" data-element_type=\"widget\" data-e-type=\"widget\" data-widget_type=\"menu-anchor.default\">\n\t\t\t\t<div class=\"elementor-widget-container\">\n\t\t\t\t\t\t\t<div class=\"elementor-menu-anchor\" id=\"Polymer\"><\/div>\n\t\t\t\t\t\t<\/div>\n\t\t\t\t<\/div>\n\t\t\t\t<div class=\"elementor-element elementor-element-cd6cf4d elementor-widget elementor-widget-image\" data-id=\"cd6cf4d\" data-element_type=\"widget\" data-e-type=\"widget\" data-widget_type=\"image.default\">\n\t\t\t\t<div class=\"elementor-widget-container\">\n\t\t\t\t\t\t\t\t\t\t\t\t\t\t\t<img decoding=\"async\" width=\"768\" height=\"192\" src=\"https:\/\/www.scentechnologies.com\/wp-content\/uploads\/2024\/02\/Polymer-normal-oscuro-768x192.webp\" class=\"attachment-medium_large size-medium_large wp-image-2108\" alt=\"\" srcset=\"https:\/\/www.scentechnologies.com\/wp-content\/uploads\/2024\/02\/Polymer-normal-oscuro-768x192.webp 768w, https:\/\/www.scentechnologies.com\/wp-content\/uploads\/2024\/02\/Polymer-normal-oscuro-300x75.webp 300w, https:\/\/www.scentechnologies.com\/wp-content\/uploads\/2024\/02\/Polymer-normal-oscuro-1024x256.webp 1024w, https:\/\/www.scentechnologies.com\/wp-content\/uploads\/2024\/02\/Polymer-normal-oscuro-1536x385.webp 1536w, https:\/\/www.scentechnologies.com\/wp-content\/uploads\/2024\/02\/Polymer-normal-oscuro-18x5.webp 18w, https:\/\/www.scentechnologies.com\/wp-content\/uploads\/2024\/02\/Polymer-normal-oscuro.webp 1749w\" sizes=\"(max-width: 768px) 100vw, 768px\" \/>\t\t\t\t\t\t\t\t\t\t\t\t\t\t\t<\/div>\n\t\t\t\t<\/div>\n\t\t\t\t<div class=\"elementor-element elementor-element-68d42ae elementor-widget elementor-widget-heading\" data-id=\"68d42ae\" data-element_type=\"widget\" data-e-type=\"widget\" data-widget_type=\"heading.default\">\n\t\t\t\t<div class=\"elementor-widget-container\">\n\t\t\t\t\t<h2 class=\"elementor-heading-title elementor-size-default\">Eliminaci\u00f3n de olores en espacios medianos.<\/h2>\t\t\t\t<\/div>\n\t\t\t\t<\/div>\n\t\t\t\t<div class=\"elementor-element elementor-element-ad35321 elementor-widget elementor-widget-text-editor\" data-id=\"ad35321\" data-element_type=\"widget\" data-e-type=\"widget\" data-widget_type=\"text-editor.default\">\n\t\t\t\t<div class=\"elementor-widget-container\">\n\t\t\t\t\t\t\t\t\t<p>Todas las f\u00f3rmulas eliminadoras est\u00e1n disponibles en Polymer, una tableta de silicona flexible, irrompible, no gotea ni se evapora, y es f\u00e1cil de manipular y transportar. Mantiene sus propiedades a largo plazo si se conserva en su empaque y fuera del contacto directo con el sol.<\/p><p>Se aplica principalmente mediante la ST Tower2\u2122, que libera de forma ininterumpida las mol\u00e9culas contenidas en Polymer. La ST Tower2\u2122 es robusta, ligera, f\u00e1cil de instalar y recargar, con un bajo consumo de energ\u00eda (solo 1.2W) y una larga vida \u00fatil. Tambi\u00e9n es compatible con sistemas de aire acondicionado tipo \u00absplit\u00bb, coloc\u00e1ndola sobre la rejilla de absorci\u00f3n del aire (nunca en la de salida del aire fr\u00edo).\u200b<\/p><p>Dise\u00f1adas para espacios concurridos y mal ventilados de hasta 100 m\u00b2, como \u00e1reas comunes, lavabos en oficinas, restaurantes, tiendas, consultorios, geri\u00e1tricos, hospitales, colegios y guarder\u00edas, Polymer ofrecen un bajo impacto arom\u00e1tico.\u200b<\/p><p>Gracias a su composici\u00f3n, la velocidad ajustable del ventilador y un mantenimiento sencillo, se logran largos intervalos de recarga, optimizando los costos operativos.<\/p>\t\t\t\t\t\t\t\t<\/div>\n\t\t\t\t<\/div>\n\t\t\t\t<div class=\"elementor-element elementor-element-df802a3 elementor-align-left elementor-tablet-align-right elementor-mobile-align-center elementor-widget-tablet__width-initial elementor-widget-mobile__width-inherit elementor-widget__width-initial elementor-widget elementor-widget-button\" data-id=\"df802a3\" data-element_type=\"widget\" data-e-type=\"widget\" data-widget_type=\"button.default\">\n\t\t\t\t<div class=\"elementor-widget-container\">\n\t\t\t\t\t\t\t\t\t<div class=\"elementor-button-wrapper\">\n\t\t\t\t\t<a class=\"elementor-button elementor-button-link elementor-size-sm\" href=\"https:\/\/drive.google.com\/file\/d\/1zWu1oAwMnjrkvqqcjkuhZV3wQ6HMg8dN\/view?usp=drive_link\">\n\t\t\t\t\t\t<span class=\"elementor-button-content-wrapper\">\n\t\t\t\t\t\t<span class=\"elementor-button-icon\">\n\t\t\t\t<svg aria-hidden=\"true\" class=\"e-font-icon-svg e-fas-download\" viewBox=\"0 0 512 512\" xmlns=\"http:\/\/www.w3.org\/2000\/svg\"><path d=\"M216 0h80c13.3 0 24 10.7 24 24v168h87.7c17.8 0 26.7 21.5 14.1 34.1L269.7 378.3c-7.5 7.5-19.8 7.5-27.3 0L90.1 226.1c-12.6-12.6-3.7-34.1 14.1-34.1H192V24c0-13.3 10.7-24 24-24zm296 376v112c0 13.3-10.7 24-24 24H24c-13.3 0-24-10.7-24-24V376c0-13.3 10.7-24 24-24h146.7l49 49c20.1 20.1 52.5 20.1 72.6 0l49-49H488c13.3 0 24 10.7 24 24zm-124 88c0-11-9-20-20-20s-20 9-20 20 9 20 20 20 20-9 20-20zm64 0c0-11-9-20-20-20s-20 9-20 20 9 20 20 20 20-9 20-20z\"><\/path><\/svg>\t\t\t<\/span>\n\t\t\t\t\t\t\t\t\t<span class=\"elementor-button-text\">Ficha T\u00e9cnica Polymer Standard<\/span>\n\t\t\t\t\t<\/span>\n\t\t\t\t\t<\/a>\n\t\t\t\t<\/div>\n\t\t\t\t\t\t\t\t<\/div>\n\t\t\t\t<\/div>\n\t\t\t\t\t<\/div>\n\t\t<\/div>\n\t\t\t\t<div class=\"elementor-column elementor-col-50 elementor-top-column elementor-element elementor-element-c7ddb56\" data-id=\"c7ddb56\" data-element_type=\"column\" data-e-type=\"column\">\n\t\t\t<div class=\"elementor-widget-wrap elementor-element-populated\">\n\t\t\t\t\t\t<div class=\"elementor-element elementor-element-3cce42b elementor-invisible elementor-widget elementor-widget-image\" data-id=\"3cce42b\" data-element_type=\"widget\" data-e-type=\"widget\" data-settings=\"{&quot;_animation&quot;:&quot;slideInUp&quot;}\" data-widget_type=\"image.default\">\n\t\t\t\t<div class=\"elementor-widget-container\">\n\t\t\t\t\t\t\t\t\t\t\t\t\t\t\t<img loading=\"lazy\" decoding=\"async\" width=\"800\" height=\"800\" src=\"https:\/\/www.scentechnologies.com\/wp-content\/uploads\/2026\/03\/Polymer-Standard-ST-Tower-ES-1024x1024.png\" class=\"attachment-large size-large wp-image-4931\" alt=\"\" srcset=\"https:\/\/www.scentechnologies.com\/wp-content\/uploads\/2026\/03\/Polymer-Standard-ST-Tower-ES-1024x1024.png 1024w, https:\/\/www.scentechnologies.com\/wp-content\/uploads\/2026\/03\/Polymer-Standard-ST-Tower-ES-300x300.png 300w, https:\/\/www.scentechnologies.com\/wp-content\/uploads\/2026\/03\/Polymer-Standard-ST-Tower-ES-150x150.png 150w, https:\/\/www.scentechnologies.com\/wp-content\/uploads\/2026\/03\/Polymer-Standard-ST-Tower-ES-768x768.png 768w, https:\/\/www.scentechnologies.com\/wp-content\/uploads\/2026\/03\/Polymer-Standard-ST-Tower-ES-1536x1536.png 1536w, https:\/\/www.scentechnologies.com\/wp-content\/uploads\/2026\/03\/Polymer-Standard-ST-Tower-ES-12x12.png 12w, https:\/\/www.scentechnologies.com\/wp-content\/uploads\/2026\/03\/Polymer-Standard-ST-Tower-ES.png 1570w\" sizes=\"(max-width: 800px) 100vw, 800px\" \/>\t\t\t\t\t\t\t\t\t\t\t\t\t\t\t<\/div>\n\t\t\t\t<\/div>\n\t\t\t\t\t<\/div>\n\t\t<\/div>\n\t\t\t\t\t<\/div>\n\t\t<\/section>\n\t\t\t\t<\/div>\n\t\t","protected":false},"excerpt":{"rendered":"<p>Eliminaci\u00f3n en espacios medianos. Eliminaci\u00f3n de olores en espacios medianos. Todas las f\u00f3rmulas eliminadoras est\u00e1n disponibles en Polymer, una tableta de silicona flexible, irrompible, no gotea ni se evapora, y es f\u00e1cil de manipular y transportar. Mantiene sus propiedades a largo plazo si se conserva en su empaque y fuera del contacto directo con el [&hellip;]<\/p>\n","protected":false},"author":1,"featured_media":2055,"parent":267,"menu_order":0,"comment_status":"closed","ping_status":"closed","template":"elementor_header_footer","meta":{"_monsterinsights_skip_tracking":false,"_monsterinsights_sitenote_active":false,"_monsterinsights_sitenote_note":"","_monsterinsights_sitenote_category":0,"footnotes":""},"class_list":["post-3231","page","type-page","status-publish","has-post-thumbnail","hentry"],"yoast_head":"<!-- This site is optimized with the Yoast SEO plugin v27.2 - https:\/\/yoast.com\/product\/yoast-seo-wordpress\/ -->\n<title>Polymer - Scentechnologies<\/title>\n<meta name=\"description\" content=\"S\u00f3lido contra los olores. La versi\u00f3n standard de Polymer\u2122, compatible con la ST Tower 2\u2122 y otros dispositivos de ventilaci\u00f3n forzada, neutraliza malos olores constantes en espacios reducidos. Est\u00e1 compuesto de una pastilla de silicona, f\u00e1cil de manipular y de transportar. Polymer est\u00e1 disponible en nuestras cuatro f\u00f3rmulas (Blue, Green, Red y Yellow).\" \/>\n<meta name=\"robots\" content=\"index, follow, max-snippet:-1, max-image-preview:large, max-video-preview:-1\" \/>\n<link rel=\"canonical\" href=\"https:\/\/www.scentechnologies.com\/en\/professional-solutions\/polymer\/\" \/>\n<meta property=\"og:locale\" content=\"en_GB\" \/>\n<meta property=\"og:type\" content=\"article\" \/>\n<meta property=\"og:title\" content=\"Polymer - Scentechnologies\" \/>\n<meta property=\"og:description\" content=\"S\u00f3lido contra los olores. La versi\u00f3n standard de Polymer\u2122, compatible con la ST Tower 2\u2122 y otros dispositivos de ventilaci\u00f3n forzada, neutraliza malos olores constantes en espacios reducidos. Est\u00e1 compuesto de una pastilla de silicona, f\u00e1cil de manipular y de transportar. Polymer est\u00e1 disponible en nuestras cuatro f\u00f3rmulas (Blue, Green, Red y Yellow).\" \/>\n<meta property=\"og:url\" content=\"https:\/\/www.scentechnologies.com\/en\/professional-solutions\/polymer\/\" \/>\n<meta property=\"og:site_name\" content=\"Scentechnologies\" \/>\n<meta property=\"article:modified_time\" content=\"2026-03-26T15:38:57+00:00\" \/>\n<meta property=\"og:image\" content=\"https:\/\/www.scentechnologies.com\/wp-content\/uploads\/2024\/01\/polymer-green-mockup.webp\" \/>\n\t<meta property=\"og:image:width\" content=\"1920\" \/>\n\t<meta property=\"og:image:height\" content=\"1440\" \/>\n\t<meta property=\"og:image:type\" content=\"image\/webp\" \/>\n<meta name=\"twitter:card\" content=\"summary_large_image\" \/>\n<meta name=\"twitter:label1\" content=\"Estimated reading time\" \/>\n\t<meta name=\"twitter:data1\" content=\"2 minutes\" \/>\n<script type=\"application\/ld+json\" class=\"yoast-schema-graph\">{\"@context\":\"https:\/\/schema.org\",\"@graph\":[{\"@type\":\"WebPage\",\"@id\":\"https:\/\/www.scentechnologies.com\/soluciones-profesionales\/polymer\/\",\"url\":\"https:\/\/www.scentechnologies.com\/soluciones-profesionales\/polymer\/\",\"name\":\"Polymer - Scentechnologies\",\"isPartOf\":{\"@id\":\"https:\/\/www.scentechnologies.com\/#website\"},\"primaryImageOfPage\":{\"@id\":\"https:\/\/www.scentechnologies.com\/soluciones-profesionales\/polymer\/#primaryimage\"},\"image\":{\"@id\":\"https:\/\/www.scentechnologies.com\/soluciones-profesionales\/polymer\/#primaryimage\"},\"thumbnailUrl\":\"https:\/\/www.scentechnologies.com\/wp-content\/uploads\/2024\/01\/polymer-green-mockup.webp\",\"datePublished\":\"2024-08-29T09:45:05+00:00\",\"dateModified\":\"2026-03-26T15:38:57+00:00\",\"description\":\"S\u00f3lido contra los olores. La versi\u00f3n standard de Polymer\u2122, compatible con la ST Tower 2\u2122 y otros dispositivos de ventilaci\u00f3n forzada, neutraliza malos olores constantes en espacios reducidos. Est\u00e1 compuesto de una pastilla de silicona, f\u00e1cil de manipular y de transportar. Polymer est\u00e1 disponible en nuestras cuatro f\u00f3rmulas (Blue, Green, Red y Yellow).\",\"breadcrumb\":{\"@id\":\"https:\/\/www.scentechnologies.com\/soluciones-profesionales\/polymer\/#breadcrumb\"},\"inLanguage\":\"en-GB\",\"potentialAction\":[{\"@type\":\"ReadAction\",\"target\":[\"https:\/\/www.scentechnologies.com\/soluciones-profesionales\/polymer\/\"]}]},{\"@type\":\"ImageObject\",\"inLanguage\":\"en-GB\",\"@id\":\"https:\/\/www.scentechnologies.com\/soluciones-profesionales\/polymer\/#primaryimage\",\"url\":\"https:\/\/www.scentechnologies.com\/wp-content\/uploads\/2024\/01\/polymer-green-mockup.webp\",\"contentUrl\":\"https:\/\/www.scentechnologies.com\/wp-content\/uploads\/2024\/01\/polymer-green-mockup.webp\",\"width\":1920,\"height\":1440},{\"@type\":\"BreadcrumbList\",\"@id\":\"https:\/\/www.scentechnologies.com\/soluciones-profesionales\/polymer\/#breadcrumb\",\"itemListElement\":[{\"@type\":\"ListItem\",\"position\":1,\"name\":\"Portada\",\"item\":\"https:\/\/www.scentechnologies.com\/\"},{\"@type\":\"ListItem\",\"position\":2,\"name\":\"Soluciones Profesionales\",\"item\":\"https:\/\/www.scentechnologies.com\/soluciones-profesionales\/\"},{\"@type\":\"ListItem\",\"position\":3,\"name\":\"Polymer\"}]},{\"@type\":\"WebSite\",\"@id\":\"https:\/\/www.scentechnologies.com\/#website\",\"url\":\"https:\/\/www.scentechnologies.com\/\",\"name\":\"Scentechnologies\",\"description\":\"Eliminamos olores desde la mol\u00e9cula.\",\"publisher\":{\"@id\":\"https:\/\/www.scentechnologies.com\/#organization\"},\"potentialAction\":[{\"@type\":\"SearchAction\",\"target\":{\"@type\":\"EntryPoint\",\"urlTemplate\":\"https:\/\/www.scentechnologies.com\/?s={search_term_string}\"},\"query-input\":{\"@type\":\"PropertyValueSpecification\",\"valueRequired\":true,\"valueName\":\"search_term_string\"}}],\"inLanguage\":\"en-GB\"},{\"@type\":\"Organization\",\"@id\":\"https:\/\/www.scentechnologies.com\/#organization\",\"name\":\"Scentechnologies\",\"url\":\"https:\/\/www.scentechnologies.com\/\",\"logo\":{\"@type\":\"ImageObject\",\"inLanguage\":\"en-GB\",\"@id\":\"https:\/\/www.scentechnologies.com\/#\/schema\/logo\/image\/\",\"url\":\"https:\/\/www.scentechnologies.com\/wp-content\/uploads\/2023\/06\/Scent.oscuro.webp\",\"contentUrl\":\"https:\/\/www.scentechnologies.com\/wp-content\/uploads\/2023\/06\/Scent.oscuro.webp\",\"width\":520,\"height\":158,\"caption\":\"Scentechnologies\"},\"image\":{\"@id\":\"https:\/\/www.scentechnologies.com\/#\/schema\/logo\/image\/\"},\"sameAs\":[\"https:\/\/www.linkedin.com\/company\/scentechnologies\/\"]}]}<\/script>\n<!-- \/ Yoast SEO plugin. -->","yoast_head_json":{"title":"Polymer - Scentechnologies","description":"Solid odor control. The standard version of Polymer\u2122, compatible with the ST Tower 2\u2122 and other forced ventilation devices, neutralizes persistent unpleasant odors in small spaces. It is composed of a silicone pellet, easy to handle and transport. Polymer is available in our four formulas (Blue, Green, Red, and Yellow).","robots":{"index":"index","follow":"follow","max-snippet":"max-snippet:-1","max-image-preview":"max-image-preview:large","max-video-preview":"max-video-preview:-1"},"canonical":"https:\/\/www.scentechnologies.com\/en\/professional-solutions\/polymer\/","og_locale":"en_GB","og_type":"article","og_title":"Polymer - Scentechnologies","og_description":"S\u00f3lido contra los olores. La versi\u00f3n standard de Polymer\u2122, compatible con la ST Tower 2\u2122 y otros dispositivos de ventilaci\u00f3n forzada, neutraliza malos olores constantes en espacios reducidos. Est\u00e1 compuesto de una pastilla de silicona, f\u00e1cil de manipular y de transportar. Polymer est\u00e1 disponible en nuestras cuatro f\u00f3rmulas (Blue, Green, Red y Yellow).","og_url":"https:\/\/www.scentechnologies.com\/en\/professional-solutions\/polymer\/","og_site_name":"Scentechnologies","article_modified_time":"2026-03-26T15:38:57+00:00","og_image":[{"width":1920,"height":1440,"url":"https:\/\/www.scentechnologies.com\/wp-content\/uploads\/2024\/01\/polymer-green-mockup.webp","type":"image\/webp"}],"twitter_card":"summary_large_image","twitter_misc":{"Estimated reading time":"2 minutes"},"schema":{"@context":"https:\/\/schema.org","@graph":[{"@type":"WebPage","@id":"https:\/\/www.scentechnologies.com\/soluciones-profesionales\/polymer\/","url":"https:\/\/www.scentechnologies.com\/soluciones-profesionales\/polymer\/","name":"Polymer - Scentechnologies","isPartOf":{"@id":"https:\/\/www.scentechnologies.com\/#website"},"primaryImageOfPage":{"@id":"https:\/\/www.scentechnologies.com\/soluciones-profesionales\/polymer\/#primaryimage"},"image":{"@id":"https:\/\/www.scentechnologies.com\/soluciones-profesionales\/polymer\/#primaryimage"},"thumbnailUrl":"https:\/\/www.scentechnologies.com\/wp-content\/uploads\/2024\/01\/polymer-green-mockup.webp","datePublished":"2024-08-29T09:45:05+00:00","dateModified":"2026-03-26T15:38:57+00:00","description":"Solid odor control. The standard version of Polymer\u2122, compatible with the ST Tower 2\u2122 and other forced ventilation devices, neutralizes persistent unpleasant odors in small spaces. It is composed of a silicone pellet, easy to handle and transport. Polymer is available in our four formulas (Blue, Green, Red, and Yellow).","breadcrumb":{"@id":"https:\/\/www.scentechnologies.com\/soluciones-profesionales\/polymer\/#breadcrumb"},"inLanguage":"en-GB","potentialAction":[{"@type":"ReadAction","target":["https:\/\/www.scentechnologies.com\/soluciones-profesionales\/polymer\/"]}]},{"@type":"ImageObject","inLanguage":"en-GB","@id":"https:\/\/www.scentechnologies.com\/soluciones-profesionales\/polymer\/#primaryimage","url":"https:\/\/www.scentechnologies.com\/wp-content\/uploads\/2024\/01\/polymer-green-mockup.webp","contentUrl":"https:\/\/www.scentechnologies.com\/wp-content\/uploads\/2024\/01\/polymer-green-mockup.webp","width":1920,"height":1440},{"@type":"BreadcrumbList","@id":"https:\/\/www.scentechnologies.com\/soluciones-profesionales\/polymer\/#breadcrumb","itemListElement":[{"@type":"ListItem","position":1,"name":"Portada","item":"https:\/\/www.scentechnologies.com\/"},{"@type":"ListItem","position":2,"name":"Soluciones Profesionales","item":"https:\/\/www.scentechnologies.com\/soluciones-profesionales\/"},{"@type":"ListItem","position":3,"name":"Polymer"}]},{"@type":"WebSite","@id":"https:\/\/www.scentechnologies.com\/#website","url":"https:\/\/www.scentechnologies.com\/","name":"Scentechnologies","description":"We eliminate odors from the molecule.","publisher":{"@id":"https:\/\/www.scentechnologies.com\/#organization"},"potentialAction":[{"@type":"SearchAction","target":{"@type":"EntryPoint","urlTemplate":"https:\/\/www.scentechnologies.com\/?s={search_term_string}"},"query-input":{"@type":"PropertyValueSpecification","valueRequired":true,"valueName":"search_term_string"}}],"inLanguage":"en-GB"},{"@type":"Organization","@id":"https:\/\/www.scentechnologies.com\/#organization","name":"Scentechnologies","url":"https:\/\/www.scentechnologies.com\/","logo":{"@type":"ImageObject","inLanguage":"en-GB","@id":"https:\/\/www.scentechnologies.com\/#\/schema\/logo\/image\/","url":"https:\/\/www.scentechnologies.com\/wp-content\/uploads\/2023\/06\/Scent.oscuro.webp","contentUrl":"https:\/\/www.scentechnologies.com\/wp-content\/uploads\/2023\/06\/Scent.oscuro.webp","width":520,"height":158,"caption":"Scentechnologies"},"image":{"@id":"https:\/\/www.scentechnologies.com\/#\/schema\/logo\/image\/"},"sameAs":["https:\/\/www.linkedin.com\/company\/scentechnologies\/"]}]}},"_links":{"self":[{"href":"https:\/\/www.scentechnologies.com\/en\/wp-json\/wp\/v2\/pages\/3231","targetHints":{"allow":["GET"]}}],"collection":[{"href":"https:\/\/www.scentechnologies.com\/en\/wp-json\/wp\/v2\/pages"}],"about":[{"href":"https:\/\/www.scentechnologies.com\/en\/wp-json\/wp\/v2\/types\/page"}],"author":[{"embeddable":true,"href":"https:\/\/www.scentechnologies.com\/en\/wp-json\/wp\/v2\/users\/1"}],"replies":[{"embeddable":true,"href":"https:\/\/www.scentechnologies.com\/en\/wp-json\/wp\/v2\/comments?post=3231"}],"version-history":[{"count":25,"href":"https:\/\/www.scentechnologies.com\/en\/wp-json\/wp\/v2\/pages\/3231\/revisions"}],"predecessor-version":[{"id":4937,"href":"https:\/\/www.scentechnologies.com\/en\/wp-json\/wp\/v2\/pages\/3231\/revisions\/4937"}],"up":[{"embeddable":true,"href":"https:\/\/www.scentechnologies.com\/en\/wp-json\/wp\/v2\/pages\/267"}],"wp:featuredmedia":[{"embeddable":true,"href":"https:\/\/www.scentechnologies.com\/en\/wp-json\/wp\/v2\/media\/2055"}],"wp:attachment":[{"href":"https:\/\/www.scentechnologies.com\/en\/wp-json\/wp\/v2\/media?parent=3231"}],"curies":[{"name":"wp","href":"https:\/\/api.w.org\/{rel}","templated":true}]}}