{"id":3270,"date":"2024-08-29T12:12:00","date_gmt":"2024-08-29T10:12:00","guid":{"rendered":"https:\/\/www.scentechnologies.com\/?page_id=3270"},"modified":"2026-01-09T14:33:19","modified_gmt":"2026-01-09T12:33:19","slug":"downspouts","status":"publish","type":"page","link":"https:\/\/www.scentechnologies.com\/en\/professional-solutions\/downspouts\/","title":{"rendered":"Downspouts"},"content":{"rendered":"\t\t<div data-elementor-type=\"wp-page\" data-elementor-id=\"3270\" class=\"elementor elementor-3270\" data-elementor-post-type=\"page\">\n\t\t\t\t\t\t<section class=\"elementor-section elementor-top-section elementor-element elementor-element-4143b43 elementor-section-full_width elementor-section-height-min-height elementor-section-content-middle elementor-section-height-default elementor-section-items-middle\" data-id=\"4143b43\" data-element_type=\"section\" data-e-type=\"section\" data-settings=\"{&quot;background_background&quot;:&quot;video&quot;}\">\n\t\t\t\t\t\t<div class=\"elementor-container elementor-column-gap-default\">\n\t\t\t\t\t<div class=\"elementor-column elementor-col-100 elementor-top-column elementor-element elementor-element-0cbee9b\" data-id=\"0cbee9b\" data-element_type=\"column\" data-e-type=\"column\">\n\t\t\t<div class=\"elementor-widget-wrap elementor-element-populated\">\n\t\t\t\t\t\t<div class=\"elementor-element elementor-element-5ff99f1 elementor-widget elementor-widget-image\" data-id=\"5ff99f1\" data-element_type=\"widget\" data-e-type=\"widget\" data-widget_type=\"image.default\">\n\t\t\t\t<div class=\"elementor-widget-container\">\n\t\t\t\t\t\t\t\t\t\t\t\t\t\t\t<img fetchpriority=\"high\" decoding=\"async\" width=\"800\" height=\"97\" src=\"https:\/\/www.scentechnologies.com\/wp-content\/uploads\/2024\/02\/bajantes-logo-FT-1-1024x124.webp\" class=\"attachment-large size-large wp-image-2119\" alt=\"\" srcset=\"https:\/\/www.scentechnologies.com\/wp-content\/uploads\/2024\/02\/bajantes-logo-FT-1-1024x124.webp 1024w, https:\/\/www.scentechnologies.com\/wp-content\/uploads\/2024\/02\/bajantes-logo-FT-1-300x36.webp 300w, https:\/\/www.scentechnologies.com\/wp-content\/uploads\/2024\/02\/bajantes-logo-FT-1-768x93.webp 768w, https:\/\/www.scentechnologies.com\/wp-content\/uploads\/2024\/02\/bajantes-logo-FT-1-18x2.webp 18w, https:\/\/www.scentechnologies.com\/wp-content\/uploads\/2024\/02\/bajantes-logo-FT-1.webp 1319w\" sizes=\"(max-width: 800px) 100vw, 800px\" \/>\t\t\t\t\t\t\t\t\t\t\t\t\t\t\t<\/div>\n\t\t\t\t<\/div>\n\t\t\t\t<div class=\"elementor-element elementor-element-bf61687 elementor-widget elementor-widget-image\" data-id=\"bf61687\" data-element_type=\"widget\" data-e-type=\"widget\" data-settings=\"{&quot;motion_fx_motion_fx_scrolling&quot;:&quot;yes&quot;,&quot;motion_fx_translateY_effect&quot;:&quot;yes&quot;,&quot;motion_fx_translateY_speed&quot;:{&quot;unit&quot;:&quot;px&quot;,&quot;size&quot;:3.6,&quot;sizes&quot;:[]},&quot;motion_fx_rotateZ_effect&quot;:&quot;yes&quot;,&quot;motion_fx_translateY_affectedRange&quot;:{&quot;unit&quot;:&quot;%&quot;,&quot;size&quot;:&quot;&quot;,&quot;sizes&quot;:{&quot;start&quot;:0,&quot;end&quot;:100}},&quot;motion_fx_rotateZ_speed&quot;:{&quot;unit&quot;:&quot;px&quot;,&quot;size&quot;:1,&quot;sizes&quot;:[]},&quot;motion_fx_rotateZ_affectedRange&quot;:{&quot;unit&quot;:&quot;%&quot;,&quot;size&quot;:&quot;&quot;,&quot;sizes&quot;:{&quot;start&quot;:0,&quot;end&quot;:100}},&quot;motion_fx_devices&quot;:[&quot;desktop&quot;,&quot;tablet&quot;,&quot;mobile&quot;]}\" data-widget_type=\"image.default\">\n\t\t\t\t<div class=\"elementor-widget-container\">\n\t\t\t\t\t\t\t\t\t\t\t\t\t\t\t<img decoding=\"async\" width=\"800\" height=\"800\" src=\"https:\/\/www.scentechnologies.com\/wp-content\/uploads\/2024\/04\/MAIN-1-Bajantes-sin-fondo-1024x1024.webp\" class=\"attachment-large size-large wp-image-2407\" alt=\"\" srcset=\"https:\/\/www.scentechnologies.com\/wp-content\/uploads\/2024\/04\/MAIN-1-Bajantes-sin-fondo-1024x1024.webp 1024w, https:\/\/www.scentechnologies.com\/wp-content\/uploads\/2024\/04\/MAIN-1-Bajantes-sin-fondo-300x300.webp 300w, https:\/\/www.scentechnologies.com\/wp-content\/uploads\/2024\/04\/MAIN-1-Bajantes-sin-fondo-150x150.webp 150w, https:\/\/www.scentechnologies.com\/wp-content\/uploads\/2024\/04\/MAIN-1-Bajantes-sin-fondo-768x768.webp 768w, https:\/\/www.scentechnologies.com\/wp-content\/uploads\/2024\/04\/MAIN-1-Bajantes-sin-fondo-12x12.webp 12w, https:\/\/www.scentechnologies.com\/wp-content\/uploads\/2024\/04\/MAIN-1-Bajantes-sin-fondo.webp 1200w\" sizes=\"(max-width: 800px) 100vw, 800px\" \/>\t\t\t\t\t\t\t\t\t\t\t\t\t\t\t<\/div>\n\t\t\t\t<\/div>\n\t\t\t\t<div class=\"elementor-element elementor-element-45d5834 elementor-widget elementor-widget-heading\" data-id=\"45d5834\" data-element_type=\"widget\" data-e-type=\"widget\" data-widget_type=\"heading.default\">\n\t\t\t\t<div class=\"elementor-widget-container\">\n\t\t\t\t\t<h2 class=\"elementor-heading-title elementor-size-default\">Eliminaci\u00f3n en tuber\u00edas.\n\n<\/h2>\t\t\t\t<\/div>\n\t\t\t\t<\/div>\n\t\t\t\t\t<\/div>\n\t\t<\/div>\n\t\t\t\t\t<\/div>\n\t\t<\/section>\n\t\t\t\t<section class=\"elementor-section elementor-top-section elementor-element elementor-element-df5875b elementor-section-content-middle elementor-section-boxed elementor-section-height-default elementor-section-height-default elementor-invisible\" data-id=\"df5875b\" data-element_type=\"section\" data-e-type=\"section\" data-settings=\"{&quot;background_background&quot;:&quot;classic&quot;,&quot;animation&quot;:&quot;slideInUp&quot;}\">\n\t\t\t\t\t\t<div class=\"elementor-container elementor-column-gap-no\">\n\t\t\t\t\t<div class=\"elementor-column elementor-col-50 elementor-top-column elementor-element elementor-element-83f8f1e\" data-id=\"83f8f1e\" data-element_type=\"column\" data-e-type=\"column\">\n\t\t\t<div class=\"elementor-widget-wrap elementor-element-populated\">\n\t\t\t\t\t\t<div class=\"elementor-element elementor-element-24b0f2f elementor-invisible elementor-widget elementor-widget-image\" data-id=\"24b0f2f\" data-element_type=\"widget\" data-e-type=\"widget\" data-settings=\"{&quot;_animation&quot;:&quot;slideInUp&quot;}\" data-widget_type=\"image.default\">\n\t\t\t\t<div class=\"elementor-widget-container\">\n\t\t\t\t\t\t\t\t\t\t\t\t\t\t\t<img decoding=\"async\" width=\"735\" height=\"637\" src=\"https:\/\/www.scentechnologies.com\/wp-content\/uploads\/2024\/04\/bajantes-podio-e1718639585859.webp\" class=\"attachment-large size-large wp-image-2412\" alt=\"\" srcset=\"https:\/\/www.scentechnologies.com\/wp-content\/uploads\/2024\/04\/bajantes-podio-e1718639585859.webp 735w, https:\/\/www.scentechnologies.com\/wp-content\/uploads\/2024\/04\/bajantes-podio-e1718639585859-300x260.webp 300w, https:\/\/www.scentechnologies.com\/wp-content\/uploads\/2024\/04\/bajantes-podio-e1718639585859-14x12.webp 14w\" sizes=\"(max-width: 735px) 100vw, 735px\" \/>\t\t\t\t\t\t\t\t\t\t\t\t\t\t\t<\/div>\n\t\t\t\t<\/div>\n\t\t\t\t\t<\/div>\n\t\t<\/div>\n\t\t\t\t<div class=\"elementor-column elementor-col-50 elementor-top-column elementor-element elementor-element-0a4e550\" data-id=\"0a4e550\" data-element_type=\"column\" data-e-type=\"column\">\n\t\t\t<div class=\"elementor-widget-wrap elementor-element-populated\">\n\t\t\t\t\t\t<div class=\"elementor-element elementor-element-626ce35 elementor-widget elementor-widget-menu-anchor\" data-id=\"626ce35\" data-element_type=\"widget\" data-e-type=\"widget\" data-widget_type=\"menu-anchor.default\">\n\t\t\t\t<div class=\"elementor-widget-container\">\n\t\t\t\t\t\t\t<div class=\"elementor-menu-anchor\" id=\"Bajantes\"><\/div>\n\t\t\t\t\t\t<\/div>\n\t\t\t\t<\/div>\n\t\t\t\t<div class=\"elementor-element elementor-element-df52f96 elementor-widget elementor-widget-image\" data-id=\"df52f96\" data-element_type=\"widget\" data-e-type=\"widget\" data-widget_type=\"image.default\">\n\t\t\t\t<div class=\"elementor-widget-container\">\n\t\t\t\t\t\t\t\t\t\t\t\t\t\t\t<img loading=\"lazy\" decoding=\"async\" width=\"768\" height=\"82\" src=\"https:\/\/www.scentechnologies.com\/wp-content\/uploads\/2024\/10\/drainpipe-logo-horizontal-768x82.webp\" class=\"attachment-medium_large size-medium_large wp-image-3848\" alt=\"\" srcset=\"https:\/\/www.scentechnologies.com\/wp-content\/uploads\/2024\/10\/drainpipe-logo-horizontal-768x82.webp 768w, https:\/\/www.scentechnologies.com\/wp-content\/uploads\/2024\/10\/drainpipe-logo-horizontal-300x32.webp 300w, https:\/\/www.scentechnologies.com\/wp-content\/uploads\/2024\/10\/drainpipe-logo-horizontal-1024x109.webp 1024w, https:\/\/www.scentechnologies.com\/wp-content\/uploads\/2024\/10\/drainpipe-logo-horizontal-1536x163.webp 1536w, https:\/\/www.scentechnologies.com\/wp-content\/uploads\/2024\/10\/drainpipe-logo-horizontal-18x2.webp 18w, https:\/\/www.scentechnologies.com\/wp-content\/uploads\/2024\/10\/drainpipe-logo-horizontal.webp 1663w\" sizes=\"(max-width: 768px) 100vw, 768px\" \/>\t\t\t\t\t\t\t\t\t\t\t\t\t\t\t<\/div>\n\t\t\t\t<\/div>\n\t\t\t\t<div class=\"elementor-element elementor-element-5ca687c elementor-widget elementor-widget-heading\" data-id=\"5ca687c\" data-element_type=\"widget\" data-e-type=\"widget\" data-widget_type=\"heading.default\">\n\t\t\t\t<div class=\"elementor-widget-container\">\n\t\t\t\t\t<h2 class=\"elementor-heading-title elementor-size-default\">Eliminaci\u00f3n de olores en tuber\u00edas.<\/h2>\t\t\t\t<\/div>\n\t\t\t\t<\/div>\n\t\t\t\t<div class=\"elementor-element elementor-element-707687e elementor-widget elementor-widget-heading\" data-id=\"707687e\" data-element_type=\"widget\" data-e-type=\"widget\" data-widget_type=\"heading.default\">\n\t\t\t\t<div class=\"elementor-widget-container\">\n\t\t\t\t\t<p class=\"elementor-heading-title elementor-size-default\">Drainpipe\u2122, tambi\u00e9n llamado Bajantes\u2122, es un l\u00edquido pegajoso, soluble en agua, se adhiere a las paredes interiores de desag\u00fces y sumideros, neutralizando olores de descomposici\u00f3n org\u00e1nica o alcantarilla. Para aplicarlo, vierte 1 o 2 tapones dosificadores en el desag\u00fce (ducha, lavamanos, drenaje), seguido de un par de tapones de agua.<br>Es un excelente complemento de limpieza en hoteles y apartamentos tur\u00edsticos, ideal para eliminar olores persistentes despu\u00e9s de la limpieza.<\/p>\t\t\t\t<\/div>\n\t\t\t\t<\/div>\n\t\t\t\t<div class=\"elementor-element elementor-element-85c1695 elementor-align-left elementor-tablet-align-right elementor-mobile-align-center elementor-widget-tablet__width-initial elementor-widget-mobile__width-inherit elementor-widget__width-initial elementor-widget elementor-widget-button\" data-id=\"85c1695\" data-element_type=\"widget\" data-e-type=\"widget\" data-widget_type=\"button.default\">\n\t\t\t\t<div class=\"elementor-widget-container\">\n\t\t\t\t\t\t\t\t\t<div class=\"elementor-button-wrapper\">\n\t\t\t\t\t<a class=\"elementor-button elementor-button-link elementor-size-sm\" href=\"https:\/\/drive.google.com\/file\/d\/1QOBbwg2kYjmCQQ3tOjXOBYJGT5_AAkwx\/view?usp=drive_link\">\n\t\t\t\t\t\t<span class=\"elementor-button-content-wrapper\">\n\t\t\t\t\t\t<span class=\"elementor-button-icon\">\n\t\t\t\t<svg aria-hidden=\"true\" class=\"e-font-icon-svg e-fas-download\" viewBox=\"0 0 512 512\" xmlns=\"http:\/\/www.w3.org\/2000\/svg\"><path d=\"M216 0h80c13.3 0 24 10.7 24 24v168h87.7c17.8 0 26.7 21.5 14.1 34.1L269.7 378.3c-7.5 7.5-19.8 7.5-27.3 0L90.1 226.1c-12.6-12.6-3.7-34.1 14.1-34.1H192V24c0-13.3 10.7-24 24-24zm296 376v112c0 13.3-10.7 24-24 24H24c-13.3 0-24-10.7-24-24V376c0-13.3 10.7-24 24-24h146.7l49 49c20.1 20.1 52.5 20.1 72.6 0l49-49H488c13.3 0 24 10.7 24 24zm-124 88c0-11-9-20-20-20s-20 9-20 20 9 20 20 20 20-9 20-20zm64 0c0-11-9-20-20-20s-20 9-20 20 9 20 20 20 20-9 20-20z\"><\/path><\/svg>\t\t\t<\/span>\n\t\t\t\t\t\t\t\t\t<span class=\"elementor-button-text\">Ficha T\u00e9cnica Drainpipe<\/span>\n\t\t\t\t\t<\/span>\n\t\t\t\t\t<\/a>\n\t\t\t\t<\/div>\n\t\t\t\t\t\t\t\t<\/div>\n\t\t\t\t<\/div>\n\t\t\t\t\t<\/div>\n\t\t<\/div>\n\t\t\t\t\t<\/div>\n\t\t<\/section>\n\t\t\t\t<\/div>\n\t\t","protected":false},"excerpt":{"rendered":"<p>Eliminaci\u00f3n en tuber\u00edas. Eliminaci\u00f3n de olores en tuber\u00edas. Drainpipe\u2122, tambi\u00e9n llamado Bajantes\u2122, es un l\u00edquido pegajoso, soluble en agua, se adhiere a las paredes interiores de desag\u00fces y sumideros, neutralizando olores de descomposici\u00f3n org\u00e1nica o alcantarilla. Para aplicarlo, vierte 1 o 2 tapones dosificadores en el desag\u00fce (ducha, lavamanos, drenaje), seguido de un par de [&hellip;]<\/p>\n","protected":false},"author":1,"featured_media":2407,"parent":267,"menu_order":0,"comment_status":"closed","ping_status":"closed","template":"elementor_header_footer","meta":{"_monsterinsights_skip_tracking":false,"_monsterinsights_sitenote_active":false,"_monsterinsights_sitenote_note":"","_monsterinsights_sitenote_category":0,"footnotes":""},"class_list":["post-3270","page","type-page","status-publish","has-post-thumbnail","hentry"],"yoast_head":"<!-- This site is optimized with the Yoast SEO plugin v27.2 - https:\/\/yoast.com\/product\/yoast-seo-wordpress\/ -->\n<title>Bajantes - Scentechnologies<\/title>\n<meta name=\"description\" content=\"Neutralizaci\u00f3n que se fija. El L\u00edquido de Bajantes, con fijador hidrosoluble, neutraliza olores en desag\u00fces y sumideros. F\u00e1cil de aplicar y con aroma de jazm\u00edn para eliminar olores en tuber\u00edas.\u200b\" \/>\n<meta name=\"robots\" content=\"index, follow, max-snippet:-1, max-image-preview:large, max-video-preview:-1\" \/>\n<link rel=\"canonical\" href=\"https:\/\/www.scentechnologies.com\/en\/professional-solutions\/downspouts\/\" \/>\n<meta property=\"og:locale\" content=\"en_GB\" \/>\n<meta property=\"og:type\" content=\"article\" \/>\n<meta property=\"og:title\" content=\"Bajantes - Scentechnologies\" \/>\n<meta property=\"og:description\" content=\"Neutralizaci\u00f3n que se fija. El L\u00edquido de Bajantes, con fijador hidrosoluble, neutraliza olores en desag\u00fces y sumideros. F\u00e1cil de aplicar y con aroma de jazm\u00edn para eliminar olores en tuber\u00edas.\u200b\" \/>\n<meta property=\"og:url\" content=\"https:\/\/www.scentechnologies.com\/en\/professional-solutions\/downspouts\/\" \/>\n<meta property=\"og:site_name\" content=\"Scentechnologies\" \/>\n<meta property=\"article:modified_time\" content=\"2026-01-09T12:33:19+00:00\" \/>\n<meta property=\"og:image\" content=\"https:\/\/www.scentechnologies.com\/wp-content\/uploads\/2024\/04\/MAIN-1-Bajantes-sin-fondo.webp\" \/>\n\t<meta property=\"og:image:width\" content=\"1200\" \/>\n\t<meta property=\"og:image:height\" content=\"1200\" \/>\n\t<meta property=\"og:image:type\" content=\"image\/webp\" \/>\n<meta name=\"twitter:card\" content=\"summary_large_image\" \/>\n<meta name=\"twitter:label1\" content=\"Estimated reading time\" \/>\n\t<meta name=\"twitter:data1\" content=\"2 minutes\" \/>\n<script type=\"application\/ld+json\" class=\"yoast-schema-graph\">{\"@context\":\"https:\/\/schema.org\",\"@graph\":[{\"@type\":\"WebPage\",\"@id\":\"https:\/\/www.scentechnologies.com\/soluciones-profesionales\/bajantes\/\",\"url\":\"https:\/\/www.scentechnologies.com\/soluciones-profesionales\/bajantes\/\",\"name\":\"Bajantes - Scentechnologies\",\"isPartOf\":{\"@id\":\"https:\/\/www.scentechnologies.com\/#website\"},\"primaryImageOfPage\":{\"@id\":\"https:\/\/www.scentechnologies.com\/soluciones-profesionales\/bajantes\/#primaryimage\"},\"image\":{\"@id\":\"https:\/\/www.scentechnologies.com\/soluciones-profesionales\/bajantes\/#primaryimage\"},\"thumbnailUrl\":\"https:\/\/www.scentechnologies.com\/wp-content\/uploads\/2024\/04\/MAIN-1-Bajantes-sin-fondo.webp\",\"datePublished\":\"2024-08-29T10:12:00+00:00\",\"dateModified\":\"2026-01-09T12:33:19+00:00\",\"description\":\"Neutralizaci\u00f3n que se fija. El L\u00edquido de Bajantes, con fijador hidrosoluble, neutraliza olores en desag\u00fces y sumideros. F\u00e1cil de aplicar y con aroma de jazm\u00edn para eliminar olores en tuber\u00edas.\u200b\",\"breadcrumb\":{\"@id\":\"https:\/\/www.scentechnologies.com\/soluciones-profesionales\/bajantes\/#breadcrumb\"},\"inLanguage\":\"en-GB\",\"potentialAction\":[{\"@type\":\"ReadAction\",\"target\":[\"https:\/\/www.scentechnologies.com\/soluciones-profesionales\/bajantes\/\"]}]},{\"@type\":\"ImageObject\",\"inLanguage\":\"en-GB\",\"@id\":\"https:\/\/www.scentechnologies.com\/soluciones-profesionales\/bajantes\/#primaryimage\",\"url\":\"https:\/\/www.scentechnologies.com\/wp-content\/uploads\/2024\/04\/MAIN-1-Bajantes-sin-fondo.webp\",\"contentUrl\":\"https:\/\/www.scentechnologies.com\/wp-content\/uploads\/2024\/04\/MAIN-1-Bajantes-sin-fondo.webp\",\"width\":1200,\"height\":1200},{\"@type\":\"BreadcrumbList\",\"@id\":\"https:\/\/www.scentechnologies.com\/soluciones-profesionales\/bajantes\/#breadcrumb\",\"itemListElement\":[{\"@type\":\"ListItem\",\"position\":1,\"name\":\"Portada\",\"item\":\"https:\/\/www.scentechnologies.com\/\"},{\"@type\":\"ListItem\",\"position\":2,\"name\":\"Soluciones Profesionales\",\"item\":\"https:\/\/www.scentechnologies.com\/soluciones-profesionales\/\"},{\"@type\":\"ListItem\",\"position\":3,\"name\":\"Bajantes\"}]},{\"@type\":\"WebSite\",\"@id\":\"https:\/\/www.scentechnologies.com\/#website\",\"url\":\"https:\/\/www.scentechnologies.com\/\",\"name\":\"Scentechnologies\",\"description\":\"Eliminamos olores desde la mol\u00e9cula.\",\"publisher\":{\"@id\":\"https:\/\/www.scentechnologies.com\/#organization\"},\"potentialAction\":[{\"@type\":\"SearchAction\",\"target\":{\"@type\":\"EntryPoint\",\"urlTemplate\":\"https:\/\/www.scentechnologies.com\/?s={search_term_string}\"},\"query-input\":{\"@type\":\"PropertyValueSpecification\",\"valueRequired\":true,\"valueName\":\"search_term_string\"}}],\"inLanguage\":\"en-GB\"},{\"@type\":\"Organization\",\"@id\":\"https:\/\/www.scentechnologies.com\/#organization\",\"name\":\"Scentechnologies\",\"url\":\"https:\/\/www.scentechnologies.com\/\",\"logo\":{\"@type\":\"ImageObject\",\"inLanguage\":\"en-GB\",\"@id\":\"https:\/\/www.scentechnologies.com\/#\/schema\/logo\/image\/\",\"url\":\"https:\/\/www.scentechnologies.com\/wp-content\/uploads\/2023\/06\/Scent.oscuro.webp\",\"contentUrl\":\"https:\/\/www.scentechnologies.com\/wp-content\/uploads\/2023\/06\/Scent.oscuro.webp\",\"width\":520,\"height\":158,\"caption\":\"Scentechnologies\"},\"image\":{\"@id\":\"https:\/\/www.scentechnologies.com\/#\/schema\/logo\/image\/\"},\"sameAs\":[\"https:\/\/www.linkedin.com\/company\/scentechnologies\/\"]}]}<\/script>\n<!-- \/ Yoast SEO plugin. -->","yoast_head_json":{"title":"Downpipes - Scentechnologies","description":"Neutralization that sticks. Downpipe Liquid, with a water-soluble fixative, neutralizes odors in drains and sinks. Easy to apply and with a jasmine scent to eliminate odors in pipes.","robots":{"index":"index","follow":"follow","max-snippet":"max-snippet:-1","max-image-preview":"max-image-preview:large","max-video-preview":"max-video-preview:-1"},"canonical":"https:\/\/www.scentechnologies.com\/en\/professional-solutions\/downspouts\/","og_locale":"en_GB","og_type":"article","og_title":"Bajantes - Scentechnologies","og_description":"Neutralizaci\u00f3n que se fija. El L\u00edquido de Bajantes, con fijador hidrosoluble, neutraliza olores en desag\u00fces y sumideros. F\u00e1cil de aplicar y con aroma de jazm\u00edn para eliminar olores en tuber\u00edas.\u200b","og_url":"https:\/\/www.scentechnologies.com\/en\/professional-solutions\/downspouts\/","og_site_name":"Scentechnologies","article_modified_time":"2026-01-09T12:33:19+00:00","og_image":[{"width":1200,"height":1200,"url":"https:\/\/www.scentechnologies.com\/wp-content\/uploads\/2024\/04\/MAIN-1-Bajantes-sin-fondo.webp","type":"image\/webp"}],"twitter_card":"summary_large_image","twitter_misc":{"Estimated reading time":"2 minutes"},"schema":{"@context":"https:\/\/schema.org","@graph":[{"@type":"WebPage","@id":"https:\/\/www.scentechnologies.com\/soluciones-profesionales\/bajantes\/","url":"https:\/\/www.scentechnologies.com\/soluciones-profesionales\/bajantes\/","name":"Downpipes - Scentechnologies","isPartOf":{"@id":"https:\/\/www.scentechnologies.com\/#website"},"primaryImageOfPage":{"@id":"https:\/\/www.scentechnologies.com\/soluciones-profesionales\/bajantes\/#primaryimage"},"image":{"@id":"https:\/\/www.scentechnologies.com\/soluciones-profesionales\/bajantes\/#primaryimage"},"thumbnailUrl":"https:\/\/www.scentechnologies.com\/wp-content\/uploads\/2024\/04\/MAIN-1-Bajantes-sin-fondo.webp","datePublished":"2024-08-29T10:12:00+00:00","dateModified":"2026-01-09T12:33:19+00:00","description":"Neutralization that sticks. Downpipe Liquid, with a water-soluble fixative, neutralizes odors in drains and sinks. Easy to apply and with a jasmine scent to eliminate odors in pipes.","breadcrumb":{"@id":"https:\/\/www.scentechnologies.com\/soluciones-profesionales\/bajantes\/#breadcrumb"},"inLanguage":"en-GB","potentialAction":[{"@type":"ReadAction","target":["https:\/\/www.scentechnologies.com\/soluciones-profesionales\/bajantes\/"]}]},{"@type":"ImageObject","inLanguage":"en-GB","@id":"https:\/\/www.scentechnologies.com\/soluciones-profesionales\/bajantes\/#primaryimage","url":"https:\/\/www.scentechnologies.com\/wp-content\/uploads\/2024\/04\/MAIN-1-Bajantes-sin-fondo.webp","contentUrl":"https:\/\/www.scentechnologies.com\/wp-content\/uploads\/2024\/04\/MAIN-1-Bajantes-sin-fondo.webp","width":1200,"height":1200},{"@type":"BreadcrumbList","@id":"https:\/\/www.scentechnologies.com\/soluciones-profesionales\/bajantes\/#breadcrumb","itemListElement":[{"@type":"ListItem","position":1,"name":"Portada","item":"https:\/\/www.scentechnologies.com\/"},{"@type":"ListItem","position":2,"name":"Soluciones Profesionales","item":"https:\/\/www.scentechnologies.com\/soluciones-profesionales\/"},{"@type":"ListItem","position":3,"name":"Bajantes"}]},{"@type":"WebSite","@id":"https:\/\/www.scentechnologies.com\/#website","url":"https:\/\/www.scentechnologies.com\/","name":"Scentechnologies","description":"We eliminate odors from the molecule.","publisher":{"@id":"https:\/\/www.scentechnologies.com\/#organization"},"potentialAction":[{"@type":"SearchAction","target":{"@type":"EntryPoint","urlTemplate":"https:\/\/www.scentechnologies.com\/?s={search_term_string}"},"query-input":{"@type":"PropertyValueSpecification","valueRequired":true,"valueName":"search_term_string"}}],"inLanguage":"en-GB"},{"@type":"Organization","@id":"https:\/\/www.scentechnologies.com\/#organization","name":"Scentechnologies","url":"https:\/\/www.scentechnologies.com\/","logo":{"@type":"ImageObject","inLanguage":"en-GB","@id":"https:\/\/www.scentechnologies.com\/#\/schema\/logo\/image\/","url":"https:\/\/www.scentechnologies.com\/wp-content\/uploads\/2023\/06\/Scent.oscuro.webp","contentUrl":"https:\/\/www.scentechnologies.com\/wp-content\/uploads\/2023\/06\/Scent.oscuro.webp","width":520,"height":158,"caption":"Scentechnologies"},"image":{"@id":"https:\/\/www.scentechnologies.com\/#\/schema\/logo\/image\/"},"sameAs":["https:\/\/www.linkedin.com\/company\/scentechnologies\/"]}]}},"_links":{"self":[{"href":"https:\/\/www.scentechnologies.com\/en\/wp-json\/wp\/v2\/pages\/3270","targetHints":{"allow":["GET"]}}],"collection":[{"href":"https:\/\/www.scentechnologies.com\/en\/wp-json\/wp\/v2\/pages"}],"about":[{"href":"https:\/\/www.scentechnologies.com\/en\/wp-json\/wp\/v2\/types\/page"}],"author":[{"embeddable":true,"href":"https:\/\/www.scentechnologies.com\/en\/wp-json\/wp\/v2\/users\/1"}],"replies":[{"embeddable":true,"href":"https:\/\/www.scentechnologies.com\/en\/wp-json\/wp\/v2\/comments?post=3270"}],"version-history":[{"count":20,"href":"https:\/\/www.scentechnologies.com\/en\/wp-json\/wp\/v2\/pages\/3270\/revisions"}],"predecessor-version":[{"id":4613,"href":"https:\/\/www.scentechnologies.com\/en\/wp-json\/wp\/v2\/pages\/3270\/revisions\/4613"}],"up":[{"embeddable":true,"href":"https:\/\/www.scentechnologies.com\/en\/wp-json\/wp\/v2\/pages\/267"}],"wp:featuredmedia":[{"embeddable":true,"href":"https:\/\/www.scentechnologies.com\/en\/wp-json\/wp\/v2\/media\/2407"}],"wp:attachment":[{"href":"https:\/\/www.scentechnologies.com\/en\/wp-json\/wp\/v2\/media?parent=3270"}],"curies":[{"name":"wp","href":"https:\/\/api.w.org\/{rel}","templated":true}]}}