{"id":3242,"date":"2024-08-29T11:51:33","date_gmt":"2024-08-29T09:51:33","guid":{"rendered":"https:\/\/www.scentechnologies.com\/?page_id=3242"},"modified":"2026-03-20T14:53:02","modified_gmt":"2026-03-20T12:53:02","slug":"polimero-piu","status":"publish","type":"page","link":"https:\/\/www.scentechnologies.com\/it\/soluzioni-professionali\/polimero-piu\/","title":{"rendered":"Polimero+"},"content":{"rendered":"\t\t<div data-elementor-type=\"wp-page\" data-elementor-id=\"3242\" class=\"elementor elementor-3242\" data-elementor-post-type=\"page\">\n\t\t\t\t\t\t<section class=\"elementor-section elementor-top-section elementor-element elementor-element-4143b43 elementor-section-full_width elementor-section-height-min-height elementor-section-content-middle elementor-section-height-default elementor-section-items-middle\" data-id=\"4143b43\" data-element_type=\"section\" data-e-type=\"section\" data-settings=\"{&quot;background_background&quot;:&quot;video&quot;}\">\n\t\t\t\t\t\t<div class=\"elementor-container elementor-column-gap-default\">\n\t\t\t\t\t<div class=\"elementor-column elementor-col-100 elementor-top-column elementor-element elementor-element-0cbee9b\" data-id=\"0cbee9b\" data-element_type=\"column\" data-e-type=\"column\">\n\t\t\t<div class=\"elementor-widget-wrap elementor-element-populated\">\n\t\t\t\t\t\t<div class=\"elementor-element elementor-element-5ff99f1 elementor-widget elementor-widget-image\" data-id=\"5ff99f1\" data-element_type=\"widget\" data-e-type=\"widget\" data-widget_type=\"image.default\">\n\t\t\t\t<div class=\"elementor-widget-container\">\n\t\t\t\t\t\t\t\t\t\t\t\t\t\t\t<img fetchpriority=\"high\" decoding=\"async\" width=\"800\" height=\"211\" src=\"https:\/\/www.scentechnologies.com\/wp-content\/uploads\/2024\/02\/Polymer-plus-oscuro-1024x270.webp\" class=\"attachment-large size-large wp-image-2112\" alt=\"\" srcset=\"https:\/\/www.scentechnologies.com\/wp-content\/uploads\/2024\/02\/Polymer-plus-oscuro-1024x270.webp 1024w, https:\/\/www.scentechnologies.com\/wp-content\/uploads\/2024\/02\/Polymer-plus-oscuro-300x79.webp 300w, https:\/\/www.scentechnologies.com\/wp-content\/uploads\/2024\/02\/Polymer-plus-oscuro-768x203.webp 768w, https:\/\/www.scentechnologies.com\/wp-content\/uploads\/2024\/02\/Polymer-plus-oscuro-1536x405.webp 1536w, https:\/\/www.scentechnologies.com\/wp-content\/uploads\/2024\/02\/Polymer-plus-oscuro-18x5.webp 18w, https:\/\/www.scentechnologies.com\/wp-content\/uploads\/2024\/02\/Polymer-plus-oscuro.webp 1920w\" sizes=\"(max-width: 800px) 100vw, 800px\" \/>\t\t\t\t\t\t\t\t\t\t\t\t\t\t\t<\/div>\n\t\t\t\t<\/div>\n\t\t\t\t<div class=\"elementor-element elementor-element-bf61687 elementor-widget elementor-widget-image\" data-id=\"bf61687\" data-element_type=\"widget\" data-e-type=\"widget\" data-settings=\"{&quot;motion_fx_motion_fx_scrolling&quot;:&quot;yes&quot;,&quot;motion_fx_translateY_effect&quot;:&quot;yes&quot;,&quot;motion_fx_translateY_speed&quot;:{&quot;unit&quot;:&quot;px&quot;,&quot;size&quot;:1.5,&quot;sizes&quot;:[]},&quot;motion_fx_rotateZ_effect&quot;:&quot;yes&quot;,&quot;motion_fx_translateY_affectedRange&quot;:{&quot;unit&quot;:&quot;%&quot;,&quot;size&quot;:&quot;&quot;,&quot;sizes&quot;:{&quot;start&quot;:0,&quot;end&quot;:100}},&quot;motion_fx_rotateZ_speed&quot;:{&quot;unit&quot;:&quot;px&quot;,&quot;size&quot;:1,&quot;sizes&quot;:[]},&quot;motion_fx_rotateZ_affectedRange&quot;:{&quot;unit&quot;:&quot;%&quot;,&quot;size&quot;:&quot;&quot;,&quot;sizes&quot;:{&quot;start&quot;:0,&quot;end&quot;:100}},&quot;motion_fx_devices&quot;:[&quot;desktop&quot;,&quot;tablet&quot;,&quot;mobile&quot;]}\" data-widget_type=\"image.default\">\n\t\t\t\t<div class=\"elementor-widget-container\">\n\t\t\t\t\t\t\t\t\t\t\t\t\t\t\t<img decoding=\"async\" width=\"800\" height=\"800\" src=\"https:\/\/www.scentechnologies.com\/wp-content\/uploads\/2026\/03\/Polymer-Plus-Case-3D-no-bg-1024x1024.png\" class=\"attachment-large size-large wp-image-4879\" alt=\"\" srcset=\"https:\/\/www.scentechnologies.com\/wp-content\/uploads\/2026\/03\/Polymer-Plus-Case-3D-no-bg-1024x1024.png 1024w, https:\/\/www.scentechnologies.com\/wp-content\/uploads\/2026\/03\/Polymer-Plus-Case-3D-no-bg-300x300.png 300w, https:\/\/www.scentechnologies.com\/wp-content\/uploads\/2026\/03\/Polymer-Plus-Case-3D-no-bg-150x150.png 150w, https:\/\/www.scentechnologies.com\/wp-content\/uploads\/2026\/03\/Polymer-Plus-Case-3D-no-bg-768x768.png 768w, https:\/\/www.scentechnologies.com\/wp-content\/uploads\/2026\/03\/Polymer-Plus-Case-3D-no-bg-12x12.png 12w, https:\/\/www.scentechnologies.com\/wp-content\/uploads\/2026\/03\/Polymer-Plus-Case-3D-no-bg.png 1432w\" sizes=\"(max-width: 800px) 100vw, 800px\" \/>\t\t\t\t\t\t\t\t\t\t\t\t\t\t\t<\/div>\n\t\t\t\t<\/div>\n\t\t\t\t<div class=\"elementor-element elementor-element-45d5834 elementor-widget elementor-widget-heading\" data-id=\"45d5834\" data-element_type=\"widget\" data-e-type=\"widget\" data-widget_type=\"heading.default\">\n\t\t\t\t<div class=\"elementor-widget-container\">\n\t\t\t\t\t<h2 class=\"elementor-heading-title elementor-size-default\">Eliminaci\u00f3n pasiva en espacios peque\u00f1os.<\/h2>\t\t\t\t<\/div>\n\t\t\t\t<\/div>\n\t\t\t\t\t<\/div>\n\t\t<\/div>\n\t\t\t\t\t<\/div>\n\t\t<\/section>\n\t\t\t\t<section class=\"elementor-section elementor-top-section elementor-element elementor-element-6339197 elementor-section-content-middle elementor-reverse-tablet elementor-section-boxed elementor-section-height-default elementor-section-height-default elementor-invisible\" data-id=\"6339197\" data-element_type=\"section\" data-e-type=\"section\" data-settings=\"{&quot;background_background&quot;:&quot;classic&quot;,&quot;animation&quot;:&quot;slideInUp&quot;}\">\n\t\t\t\t\t\t<div class=\"elementor-container elementor-column-gap-no\">\n\t\t\t\t\t<div class=\"elementor-column elementor-col-50 elementor-top-column elementor-element elementor-element-6f96b5b\" data-id=\"6f96b5b\" data-element_type=\"column\" data-e-type=\"column\">\n\t\t\t<div class=\"elementor-widget-wrap elementor-element-populated\">\n\t\t\t\t\t\t<div class=\"elementor-element elementor-element-ac10ea4 elementor-widget elementor-widget-menu-anchor\" data-id=\"ac10ea4\" data-element_type=\"widget\" data-e-type=\"widget\" data-widget_type=\"menu-anchor.default\">\n\t\t\t\t<div class=\"elementor-widget-container\">\n\t\t\t\t\t\t\t<div class=\"elementor-menu-anchor\" id=\"Polymerplus\"><\/div>\n\t\t\t\t\t\t<\/div>\n\t\t\t\t<\/div>\n\t\t\t\t<div class=\"elementor-element elementor-element-fca6b27 elementor-widget elementor-widget-image\" data-id=\"fca6b27\" data-element_type=\"widget\" data-e-type=\"widget\" data-widget_type=\"image.default\">\n\t\t\t\t<div class=\"elementor-widget-container\">\n\t\t\t\t\t\t\t\t\t\t\t\t\t\t\t<img decoding=\"async\" width=\"768\" height=\"203\" src=\"https:\/\/www.scentechnologies.com\/wp-content\/uploads\/2024\/02\/Polymer-plus-oscuro-768x203.webp\" class=\"attachment-medium_large size-medium_large wp-image-2112\" alt=\"\" srcset=\"https:\/\/www.scentechnologies.com\/wp-content\/uploads\/2024\/02\/Polymer-plus-oscuro-768x203.webp 768w, https:\/\/www.scentechnologies.com\/wp-content\/uploads\/2024\/02\/Polymer-plus-oscuro-300x79.webp 300w, https:\/\/www.scentechnologies.com\/wp-content\/uploads\/2024\/02\/Polymer-plus-oscuro-1024x270.webp 1024w, https:\/\/www.scentechnologies.com\/wp-content\/uploads\/2024\/02\/Polymer-plus-oscuro-1536x405.webp 1536w, https:\/\/www.scentechnologies.com\/wp-content\/uploads\/2024\/02\/Polymer-plus-oscuro-18x5.webp 18w, https:\/\/www.scentechnologies.com\/wp-content\/uploads\/2024\/02\/Polymer-plus-oscuro.webp 1920w\" sizes=\"(max-width: 768px) 100vw, 768px\" \/>\t\t\t\t\t\t\t\t\t\t\t\t\t\t\t<\/div>\n\t\t\t\t<\/div>\n\t\t\t\t<div class=\"elementor-element elementor-element-766af24 elementor-widget elementor-widget-heading\" data-id=\"766af24\" data-element_type=\"widget\" data-e-type=\"widget\" data-widget_type=\"heading.default\">\n\t\t\t\t<div class=\"elementor-widget-container\">\n\t\t\t\t\t<h2 class=\"elementor-heading-title elementor-size-default\">Eliminaci\u00f3n pasiva de olores en espacios peque\u00f1os.<\/h2>\t\t\t\t<\/div>\n\t\t\t\t<\/div>\n\t\t\t\t<div class=\"elementor-element elementor-element-3a80076 elementor-widget elementor-widget-text-editor\" data-id=\"3a80076\" data-element_type=\"widget\" data-e-type=\"widget\" data-widget_type=\"text-editor.default\">\n\t\t\t\t<div class=\"elementor-widget-container\">\n\t\t\t\t\t\t\t\t\t<p>Disponible en todas nuestras f\u00f3rmulas, la pastilla Polymer Plus\u2122 de silicona se instala f\u00e1cilmente mediante su dispensador, que se adhiere con cinta de doble cara o se utiliza un clip para fijarse en cualquier rejilla. Polymer Plus\u2122 es ideal para neutralizar olores persistentes en espacios peque\u00f1os de hasta 15 m\u00b2, como ba\u00f1os, taquillas, armarios, zapateros, veh\u00edculos, cocinas, dormitorios y oficinas. Funciona con <strong>ventilaci\u00f3n pasiva<\/strong>, es decir, sin necesidad de energ\u00eda ni ventilaci\u00f3n forzada, dispersando las mol\u00e9culas a trav\u00e9s de peque\u00f1os flujos naturales de aire.<\/p>\t\t\t\t\t\t\t\t<\/div>\n\t\t\t\t<\/div>\n\t\t\t\t<div class=\"elementor-element elementor-element-5071463 elementor-align-left elementor-tablet-align-right elementor-mobile-align-center elementor-widget-tablet__width-initial elementor-widget-mobile__width-inherit elementor-widget__width-initial elementor-widget elementor-widget-button\" data-id=\"5071463\" data-element_type=\"widget\" data-e-type=\"widget\" data-widget_type=\"button.default\">\n\t\t\t\t<div class=\"elementor-widget-container\">\n\t\t\t\t\t\t\t\t\t<div class=\"elementor-button-wrapper\">\n\t\t\t\t\t<a class=\"elementor-button elementor-button-link elementor-size-sm\" href=\"https:\/\/drive.google.com\/file\/d\/1GpK7CZg37PCAhCUIH_lzx5Dd1uaiEnOY\/view?usp=drive_link\">\n\t\t\t\t\t\t<span class=\"elementor-button-content-wrapper\">\n\t\t\t\t\t\t<span class=\"elementor-button-icon\">\n\t\t\t\t<svg aria-hidden=\"true\" class=\"e-font-icon-svg e-fas-download\" viewBox=\"0 0 512 512\" xmlns=\"http:\/\/www.w3.org\/2000\/svg\"><path d=\"M216 0h80c13.3 0 24 10.7 24 24v168h87.7c17.8 0 26.7 21.5 14.1 34.1L269.7 378.3c-7.5 7.5-19.8 7.5-27.3 0L90.1 226.1c-12.6-12.6-3.7-34.1 14.1-34.1H192V24c0-13.3 10.7-24 24-24zm296 376v112c0 13.3-10.7 24-24 24H24c-13.3 0-24-10.7-24-24V376c0-13.3 10.7-24 24-24h146.7l49 49c20.1 20.1 52.5 20.1 72.6 0l49-49H488c13.3 0 24 10.7 24 24zm-124 88c0-11-9-20-20-20s-20 9-20 20 9 20 20 20 20-9 20-20zm64 0c0-11-9-20-20-20s-20 9-20 20 9 20 20 20 20-9 20-20z\"><\/path><\/svg>\t\t\t<\/span>\n\t\t\t\t\t\t\t\t\t<span class=\"elementor-button-text\">Ficha T\u00e9cnica Polymer Plus<\/span>\n\t\t\t\t\t<\/span>\n\t\t\t\t\t<\/a>\n\t\t\t\t<\/div>\n\t\t\t\t\t\t\t\t<\/div>\n\t\t\t\t<\/div>\n\t\t\t\t\t<\/div>\n\t\t<\/div>\n\t\t\t\t<div class=\"elementor-column elementor-col-50 elementor-top-column elementor-element elementor-element-149fcae\" data-id=\"149fcae\" data-element_type=\"column\" data-e-type=\"column\">\n\t\t\t<div class=\"elementor-widget-wrap elementor-element-populated\">\n\t\t\t\t\t\t<div class=\"elementor-element elementor-element-498e287 elementor-invisible elementor-widget elementor-widget-image\" data-id=\"498e287\" data-element_type=\"widget\" data-e-type=\"widget\" data-settings=\"{&quot;_animation&quot;:&quot;slideInUp&quot;}\" data-widget_type=\"image.default\">\n\t\t\t\t<div class=\"elementor-widget-container\">\n\t\t\t\t\t\t\t\t\t\t\t\t\t\t\t<img loading=\"lazy\" decoding=\"async\" width=\"800\" height=\"779\" src=\"https:\/\/www.scentechnologies.com\/wp-content\/uploads\/2024\/01\/Captura-de-pantalla-2024-01-26-a-las-17.01.09-1024x997.webp\" class=\"attachment-large size-large wp-image-2050\" alt=\"\" srcset=\"https:\/\/www.scentechnologies.com\/wp-content\/uploads\/2024\/01\/Captura-de-pantalla-2024-01-26-a-las-17.01.09-1024x997.webp 1024w, https:\/\/www.scentechnologies.com\/wp-content\/uploads\/2024\/01\/Captura-de-pantalla-2024-01-26-a-las-17.01.09-300x292.webp 300w, https:\/\/www.scentechnologies.com\/wp-content\/uploads\/2024\/01\/Captura-de-pantalla-2024-01-26-a-las-17.01.09-768x747.webp 768w, https:\/\/www.scentechnologies.com\/wp-content\/uploads\/2024\/01\/Captura-de-pantalla-2024-01-26-a-las-17.01.09-1536x1495.webp 1536w, https:\/\/www.scentechnologies.com\/wp-content\/uploads\/2024\/01\/Captura-de-pantalla-2024-01-26-a-las-17.01.09-12x12.webp 12w, https:\/\/www.scentechnologies.com\/wp-content\/uploads\/2024\/01\/Captura-de-pantalla-2024-01-26-a-las-17.01.09.webp 1568w\" sizes=\"(max-width: 800px) 100vw, 800px\" \/>\t\t\t\t\t\t\t\t\t\t\t\t\t\t\t<\/div>\n\t\t\t\t<\/div>\n\t\t\t\t<div class=\"elementor-element elementor-element-34328cd elementor-invisible elementor-widget elementor-widget-image\" data-id=\"34328cd\" data-element_type=\"widget\" data-e-type=\"widget\" data-settings=\"{&quot;_animation&quot;:&quot;slideInUp&quot;}\" data-widget_type=\"image.default\">\n\t\t\t\t<div class=\"elementor-widget-container\">\n\t\t\t\t\t\t\t\t\t\t\t\t\t\t\t<img loading=\"lazy\" decoding=\"async\" width=\"768\" height=\"1024\" src=\"https:\/\/www.scentechnologies.com\/wp-content\/uploads\/2026\/03\/Polymer-Plus-Case-3D-768x1024.png\" class=\"attachment-large size-large wp-image-4880\" alt=\"\" srcset=\"https:\/\/www.scentechnologies.com\/wp-content\/uploads\/2026\/03\/Polymer-Plus-Case-3D-768x1024.png 768w, https:\/\/www.scentechnologies.com\/wp-content\/uploads\/2026\/03\/Polymer-Plus-Case-3D-225x300.png 225w, https:\/\/www.scentechnologies.com\/wp-content\/uploads\/2026\/03\/Polymer-Plus-Case-3D-1152x1536.png 1152w, https:\/\/www.scentechnologies.com\/wp-content\/uploads\/2026\/03\/Polymer-Plus-Case-3D-1536x2048.png 1536w, https:\/\/www.scentechnologies.com\/wp-content\/uploads\/2026\/03\/Polymer-Plus-Case-3D-9x12.png 9w, https:\/\/www.scentechnologies.com\/wp-content\/uploads\/2026\/03\/Polymer-Plus-Case-3D.png 1792w\" sizes=\"(max-width: 768px) 100vw, 768px\" \/>\t\t\t\t\t\t\t\t\t\t\t\t\t\t\t<\/div>\n\t\t\t\t<\/div>\n\t\t\t\t\t<\/div>\n\t\t<\/div>\n\t\t\t\t\t<\/div>\n\t\t<\/section>\n\t\t\t\t<\/div>\n\t\t","protected":false},"excerpt":{"rendered":"<p>Rimozione passiva in spazi ridotti.<\/p>","protected":false},"author":1,"featured_media":4880,"parent":267,"menu_order":0,"comment_status":"closed","ping_status":"closed","template":"elementor_header_footer","meta":{"_monsterinsights_skip_tracking":false,"_monsterinsights_sitenote_active":false,"_monsterinsights_sitenote_note":"","_monsterinsights_sitenote_category":0,"footnotes":""},"class_list":["post-3242","page","type-page","status-publish","has-post-thumbnail","hentry"],"yoast_head":"<!-- This site is optimized with the Yoast SEO plugin v27.2 - https:\/\/yoast.com\/product\/yoast-seo-wordpress\/ -->\n<title>Polymer+ - Scentechnologies<\/title>\n<meta name=\"description\" content=\"Neutralizaci\u00f3n pasiva. Polymer Plus\u2122, utilizado con nuestro dispensador, neutraliza malos olores constantes en espacios reducidos de manera pasiva, sin la necesidad de un dispositivo con ventilaci\u00f3n forzada. Est\u00e1 compuesto de una pastilla de silicona, f\u00e1cil de manipular y de transportar. El Pol\u00edmero en su versi\u00f3n Plus tambi\u00e9n est\u00e1 disponible en nuestras cuatro f\u00f3rmulas (Blue, Green, Red y Yellow).\" \/>\n<meta name=\"robots\" content=\"index, follow, max-snippet:-1, max-image-preview:large, max-video-preview:-1\" \/>\n<link rel=\"canonical\" href=\"https:\/\/www.scentechnologies.com\/it\/soluzioni-professionali\/polimero-piu\/\" \/>\n<meta property=\"og:locale\" content=\"it_IT\" \/>\n<meta property=\"og:type\" content=\"article\" \/>\n<meta property=\"og:title\" content=\"Polymer+ - Scentechnologies\" \/>\n<meta property=\"og:description\" content=\"Neutralizaci\u00f3n pasiva. Polymer Plus\u2122, utilizado con nuestro dispensador, neutraliza malos olores constantes en espacios reducidos de manera pasiva, sin la necesidad de un dispositivo con ventilaci\u00f3n forzada. Est\u00e1 compuesto de una pastilla de silicona, f\u00e1cil de manipular y de transportar. El Pol\u00edmero en su versi\u00f3n Plus tambi\u00e9n est\u00e1 disponible en nuestras cuatro f\u00f3rmulas (Blue, Green, Red y Yellow).\" \/>\n<meta property=\"og:url\" content=\"https:\/\/www.scentechnologies.com\/it\/soluzioni-professionali\/polimero-piu\/\" \/>\n<meta property=\"og:site_name\" content=\"Scentechnologies\" \/>\n<meta property=\"article:modified_time\" content=\"2026-03-20T12:53:02+00:00\" \/>\n<meta property=\"og:image\" content=\"https:\/\/www.scentechnologies.com\/wp-content\/uploads\/2026\/03\/Polymer-Plus-Case-3D-768x1024.png\" \/>\n\t<meta property=\"og:image:width\" content=\"768\" \/>\n\t<meta property=\"og:image:height\" content=\"1024\" \/>\n\t<meta property=\"og:image:type\" content=\"image\/png\" \/>\n<meta name=\"twitter:card\" content=\"summary_large_image\" \/>\n<meta name=\"twitter:label1\" content=\"Tempo di lettura stimato\" \/>\n\t<meta name=\"twitter:data1\" content=\"2 minuti\" \/>\n<script type=\"application\/ld+json\" class=\"yoast-schema-graph\">{\"@context\":\"https:\/\/schema.org\",\"@graph\":[{\"@type\":\"WebPage\",\"@id\":\"https:\/\/www.scentechnologies.com\/soluciones-profesionales\/polymerplus\/\",\"url\":\"https:\/\/www.scentechnologies.com\/soluciones-profesionales\/polymerplus\/\",\"name\":\"Polymer+ - Scentechnologies\",\"isPartOf\":{\"@id\":\"https:\/\/www.scentechnologies.com\/#website\"},\"primaryImageOfPage\":{\"@id\":\"https:\/\/www.scentechnologies.com\/soluciones-profesionales\/polymerplus\/#primaryimage\"},\"image\":{\"@id\":\"https:\/\/www.scentechnologies.com\/soluciones-profesionales\/polymerplus\/#primaryimage\"},\"thumbnailUrl\":\"https:\/\/www.scentechnologies.com\/wp-content\/uploads\/2026\/03\/Polymer-Plus-Case-3D.png\",\"datePublished\":\"2024-08-29T09:51:33+00:00\",\"dateModified\":\"2026-03-20T12:53:02+00:00\",\"description\":\"Neutralizaci\u00f3n pasiva. Polymer Plus\u2122, utilizado con nuestro dispensador, neutraliza malos olores constantes en espacios reducidos de manera pasiva, sin la necesidad de un dispositivo con ventilaci\u00f3n forzada. Est\u00e1 compuesto de una pastilla de silicona, f\u00e1cil de manipular y de transportar. El Pol\u00edmero en su versi\u00f3n Plus tambi\u00e9n est\u00e1 disponible en nuestras cuatro f\u00f3rmulas (Blue, Green, Red y Yellow).\",\"breadcrumb\":{\"@id\":\"https:\/\/www.scentechnologies.com\/soluciones-profesionales\/polymerplus\/#breadcrumb\"},\"inLanguage\":\"it-IT\",\"potentialAction\":[{\"@type\":\"ReadAction\",\"target\":[\"https:\/\/www.scentechnologies.com\/soluciones-profesionales\/polymerplus\/\"]}]},{\"@type\":\"ImageObject\",\"inLanguage\":\"it-IT\",\"@id\":\"https:\/\/www.scentechnologies.com\/soluciones-profesionales\/polymerplus\/#primaryimage\",\"url\":\"https:\/\/www.scentechnologies.com\/wp-content\/uploads\/2026\/03\/Polymer-Plus-Case-3D.png\",\"contentUrl\":\"https:\/\/www.scentechnologies.com\/wp-content\/uploads\/2026\/03\/Polymer-Plus-Case-3D.png\",\"width\":1792,\"height\":2390},{\"@type\":\"BreadcrumbList\",\"@id\":\"https:\/\/www.scentechnologies.com\/soluciones-profesionales\/polymerplus\/#breadcrumb\",\"itemListElement\":[{\"@type\":\"ListItem\",\"position\":1,\"name\":\"Portada\",\"item\":\"https:\/\/www.scentechnologies.com\/\"},{\"@type\":\"ListItem\",\"position\":2,\"name\":\"Soluciones Profesionales\",\"item\":\"https:\/\/www.scentechnologies.com\/soluciones-profesionales\/\"},{\"@type\":\"ListItem\",\"position\":3,\"name\":\"Polymer+\"}]},{\"@type\":\"WebSite\",\"@id\":\"https:\/\/www.scentechnologies.com\/#website\",\"url\":\"https:\/\/www.scentechnologies.com\/\",\"name\":\"Scentechnologies\",\"description\":\"Eliminamos olores desde la mol\u00e9cula.\",\"publisher\":{\"@id\":\"https:\/\/www.scentechnologies.com\/#organization\"},\"potentialAction\":[{\"@type\":\"SearchAction\",\"target\":{\"@type\":\"EntryPoint\",\"urlTemplate\":\"https:\/\/www.scentechnologies.com\/?s={search_term_string}\"},\"query-input\":{\"@type\":\"PropertyValueSpecification\",\"valueRequired\":true,\"valueName\":\"search_term_string\"}}],\"inLanguage\":\"it-IT\"},{\"@type\":\"Organization\",\"@id\":\"https:\/\/www.scentechnologies.com\/#organization\",\"name\":\"Scentechnologies\",\"url\":\"https:\/\/www.scentechnologies.com\/\",\"logo\":{\"@type\":\"ImageObject\",\"inLanguage\":\"it-IT\",\"@id\":\"https:\/\/www.scentechnologies.com\/#\/schema\/logo\/image\/\",\"url\":\"https:\/\/www.scentechnologies.com\/wp-content\/uploads\/2023\/06\/Scent.oscuro.webp\",\"contentUrl\":\"https:\/\/www.scentechnologies.com\/wp-content\/uploads\/2023\/06\/Scent.oscuro.webp\",\"width\":520,\"height\":158,\"caption\":\"Scentechnologies\"},\"image\":{\"@id\":\"https:\/\/www.scentechnologies.com\/#\/schema\/logo\/image\/\"},\"sameAs\":[\"https:\/\/www.linkedin.com\/company\/scentechnologies\/\"]}]}<\/script>\n<!-- \/ Yoast SEO plugin. -->","yoast_head_json":{"title":"Polymer+ - Tecnologie Scente","description":"Neutralizzazione passiva. Polymer Plus\u2122, utilizzato con il nostro erogatore, neutralizza passivamente gli odori sgradevoli persistenti in piccoli spazi, senza bisogno di un dispositivo ad aria forzata. \u00c8 costituito da un cuscinetto in silicone, facile da maneggiare e trasportare. La versione Polymer Plus \u00e8 disponibile anche nelle nostre quattro formule (Blu, Verde, Rosso e Giallo).","robots":{"index":"index","follow":"follow","max-snippet":"max-snippet:-1","max-image-preview":"max-image-preview:large","max-video-preview":"max-video-preview:-1"},"canonical":"https:\/\/www.scentechnologies.com\/it\/soluzioni-professionali\/polimero-piu\/","og_locale":"it_IT","og_type":"article","og_title":"Polymer+ - Scentechnologies","og_description":"Neutralizaci\u00f3n pasiva. Polymer Plus\u2122, utilizado con nuestro dispensador, neutraliza malos olores constantes en espacios reducidos de manera pasiva, sin la necesidad de un dispositivo con ventilaci\u00f3n forzada. Est\u00e1 compuesto de una pastilla de silicona, f\u00e1cil de manipular y de transportar. El Pol\u00edmero en su versi\u00f3n Plus tambi\u00e9n est\u00e1 disponible en nuestras cuatro f\u00f3rmulas (Blue, Green, Red y Yellow).","og_url":"https:\/\/www.scentechnologies.com\/it\/soluzioni-professionali\/polimero-piu\/","og_site_name":"Scentechnologies","article_modified_time":"2026-03-20T12:53:02+00:00","og_image":[{"width":768,"height":1024,"url":"https:\/\/www.scentechnologies.com\/wp-content\/uploads\/2026\/03\/Polymer-Plus-Case-3D-768x1024.png","type":"image\/png"}],"twitter_card":"summary_large_image","twitter_misc":{"Tempo di lettura stimato":"2 minuti"},"schema":{"@context":"https:\/\/schema.org","@graph":[{"@type":"WebPage","@id":"https:\/\/www.scentechnologies.com\/soluciones-profesionales\/polymerplus\/","url":"https:\/\/www.scentechnologies.com\/soluciones-profesionales\/polymerplus\/","name":"Polymer+ - Tecnologie Scente","isPartOf":{"@id":"https:\/\/www.scentechnologies.com\/#website"},"primaryImageOfPage":{"@id":"https:\/\/www.scentechnologies.com\/soluciones-profesionales\/polymerplus\/#primaryimage"},"image":{"@id":"https:\/\/www.scentechnologies.com\/soluciones-profesionales\/polymerplus\/#primaryimage"},"thumbnailUrl":"https:\/\/www.scentechnologies.com\/wp-content\/uploads\/2026\/03\/Polymer-Plus-Case-3D.png","datePublished":"2024-08-29T09:51:33+00:00","dateModified":"2026-03-20T12:53:02+00:00","description":"Neutralizzazione passiva. Polymer Plus\u2122, utilizzato con il nostro erogatore, neutralizza passivamente gli odori sgradevoli persistenti in piccoli spazi, senza bisogno di un dispositivo ad aria forzata. \u00c8 costituito da un cuscinetto in silicone, facile da maneggiare e trasportare. La versione Polymer Plus \u00e8 disponibile anche nelle nostre quattro formule (Blu, Verde, Rosso e Giallo).","breadcrumb":{"@id":"https:\/\/www.scentechnologies.com\/soluciones-profesionales\/polymerplus\/#breadcrumb"},"inLanguage":"it-IT","potentialAction":[{"@type":"ReadAction","target":["https:\/\/www.scentechnologies.com\/soluciones-profesionales\/polymerplus\/"]}]},{"@type":"ImageObject","inLanguage":"it-IT","@id":"https:\/\/www.scentechnologies.com\/soluciones-profesionales\/polymerplus\/#primaryimage","url":"https:\/\/www.scentechnologies.com\/wp-content\/uploads\/2026\/03\/Polymer-Plus-Case-3D.png","contentUrl":"https:\/\/www.scentechnologies.com\/wp-content\/uploads\/2026\/03\/Polymer-Plus-Case-3D.png","width":1792,"height":2390},{"@type":"BreadcrumbList","@id":"https:\/\/www.scentechnologies.com\/soluciones-profesionales\/polymerplus\/#breadcrumb","itemListElement":[{"@type":"ListItem","position":1,"name":"Portada","item":"https:\/\/www.scentechnologies.com\/"},{"@type":"ListItem","position":2,"name":"Soluciones Profesionales","item":"https:\/\/www.scentechnologies.com\/soluciones-profesionales\/"},{"@type":"ListItem","position":3,"name":"Polymer+"}]},{"@type":"WebSite","@id":"https:\/\/www.scentechnologies.com\/#website","url":"https:\/\/www.scentechnologies.com\/","name":"Tecnologie profumate","description":"Eliminiamo gli odori dalla molecola.","publisher":{"@id":"https:\/\/www.scentechnologies.com\/#organization"},"potentialAction":[{"@type":"SearchAction","target":{"@type":"EntryPoint","urlTemplate":"https:\/\/www.scentechnologies.com\/?s={search_term_string}"},"query-input":{"@type":"PropertyValueSpecification","valueRequired":true,"valueName":"search_term_string"}}],"inLanguage":"it-IT"},{"@type":"Organization","@id":"https:\/\/www.scentechnologies.com\/#organization","name":"Tecnologie profumate","url":"https:\/\/www.scentechnologies.com\/","logo":{"@type":"ImageObject","inLanguage":"it-IT","@id":"https:\/\/www.scentechnologies.com\/#\/schema\/logo\/image\/","url":"https:\/\/www.scentechnologies.com\/wp-content\/uploads\/2023\/06\/Scent.oscuro.webp","contentUrl":"https:\/\/www.scentechnologies.com\/wp-content\/uploads\/2023\/06\/Scent.oscuro.webp","width":520,"height":158,"caption":"Scentechnologies"},"image":{"@id":"https:\/\/www.scentechnologies.com\/#\/schema\/logo\/image\/"},"sameAs":["https:\/\/www.linkedin.com\/company\/scentechnologies\/"]}]}},"_links":{"self":[{"href":"https:\/\/www.scentechnologies.com\/it\/wp-json\/wp\/v2\/pages\/3242","targetHints":{"allow":["GET"]}}],"collection":[{"href":"https:\/\/www.scentechnologies.com\/it\/wp-json\/wp\/v2\/pages"}],"about":[{"href":"https:\/\/www.scentechnologies.com\/it\/wp-json\/wp\/v2\/types\/page"}],"author":[{"embeddable":true,"href":"https:\/\/www.scentechnologies.com\/it\/wp-json\/wp\/v2\/users\/1"}],"replies":[{"embeddable":true,"href":"https:\/\/www.scentechnologies.com\/it\/wp-json\/wp\/v2\/comments?post=3242"}],"version-history":[{"count":25,"href":"https:\/\/www.scentechnologies.com\/it\/wp-json\/wp\/v2\/pages\/3242\/revisions"}],"predecessor-version":[{"id":4893,"href":"https:\/\/www.scentechnologies.com\/it\/wp-json\/wp\/v2\/pages\/3242\/revisions\/4893"}],"up":[{"embeddable":true,"href":"https:\/\/www.scentechnologies.com\/it\/wp-json\/wp\/v2\/pages\/267"}],"wp:featuredmedia":[{"embeddable":true,"href":"https:\/\/www.scentechnologies.com\/it\/wp-json\/wp\/v2\/media\/4880"}],"wp:attachment":[{"href":"https:\/\/www.scentechnologies.com\/it\/wp-json\/wp\/v2\/media?parent=3242"}],"curies":[{"name":"wp","href":"https:\/\/api.w.org\/{rel}","templated":true}]}}