{"id":17,"date":"2023-06-06T07:25:28","date_gmt":"2023-06-06T07:25:28","guid":{"rendered":"https:\/\/www.scentechnologies.com\/about-us\/"},"modified":"2026-02-18T17:12:08","modified_gmt":"2026-02-18T15:12:08","slug":"nas","status":"publish","type":"page","link":"https:\/\/www.scentechnologies.com\/pl\/nas\/","title":{"rendered":"O Nas"},"content":{"rendered":"\t\t<div data-elementor-type=\"wp-page\" data-elementor-id=\"17\" class=\"elementor elementor-17\" data-elementor-post-type=\"page\">\n\t\t\t\t\t\t<section class=\"elementor-section elementor-top-section elementor-element elementor-element-1692e5e8 elementor-section-boxed elementor-section-height-default elementor-section-height-default\" data-id=\"1692e5e8\" data-element_type=\"section\" data-e-type=\"section\" data-settings=\"{&quot;background_background&quot;:&quot;classic&quot;}\">\n\t\t\t\t\t\t\t<div class=\"elementor-background-overlay\"><\/div>\n\t\t\t\t\t\t\t<div class=\"elementor-container elementor-column-gap-default\">\n\t\t\t\t\t<div class=\"elementor-column elementor-col-100 elementor-top-column elementor-element elementor-element-6db378a8\" data-id=\"6db378a8\" data-element_type=\"column\" data-e-type=\"column\">\n\t\t\t<div class=\"elementor-widget-wrap elementor-element-populated\">\n\t\t\t\t\t\t<div class=\"elementor-element elementor-element-54addc7f elementor-widget elementor-widget-heading\" data-id=\"54addc7f\" data-element_type=\"widget\" data-e-type=\"widget\" data-widget_type=\"heading.default\">\n\t\t\t\t<div class=\"elementor-widget-container\">\n\t\t\t\t\t<h1 class=\"elementor-heading-title elementor-size-default\">Nosotros<\/h1>\t\t\t\t<\/div>\n\t\t\t\t<\/div>\n\t\t\t\t\t<\/div>\n\t\t<\/div>\n\t\t\t\t\t<\/div>\n\t\t<\/section>\n\t\t\t\t<section class=\"elementor-section elementor-top-section elementor-element elementor-element-00101e9 elementor-section-boxed elementor-section-height-default elementor-section-height-default\" data-id=\"00101e9\" data-element_type=\"section\" data-e-type=\"section\">\n\t\t\t\t\t\t<div class=\"elementor-container elementor-column-gap-no\">\n\t\t\t\t\t<div class=\"elementor-column elementor-col-66 elementor-top-column elementor-element elementor-element-52800af\" data-id=\"52800af\" data-element_type=\"column\" data-e-type=\"column\" data-settings=\"{&quot;background_background&quot;:&quot;classic&quot;}\">\n\t\t\t<div class=\"elementor-widget-wrap elementor-element-populated\">\n\t\t\t\t\t\t<div class=\"elementor-element elementor-element-886299b animated-slow elementor-invisible elementor-widget elementor-widget-heading\" data-id=\"886299b\" data-element_type=\"widget\" data-e-type=\"widget\" data-settings=\"{&quot;_animation&quot;:&quot;slideInUp&quot;}\" data-widget_type=\"heading.default\">\n\t\t\t\t<div class=\"elementor-widget-container\">\n\t\t\t\t\t<h1 class=\"elementor-heading-title elementor-size-default\">Innovando en Barcelona desde 2009<\/h1>\t\t\t\t<\/div>\n\t\t\t\t<\/div>\n\t\t\t\t<div class=\"elementor-element elementor-element-c68d8e3 elementor-widget__width-initial animated-slow elementor-invisible elementor-widget elementor-widget-text-editor\" data-id=\"c68d8e3\" data-element_type=\"widget\" data-e-type=\"widget\" data-settings=\"{&quot;_animation&quot;:&quot;slideInUp&quot;}\" data-widget_type=\"text-editor.default\">\n\t\t\t\t<div class=\"elementor-widget-container\">\n\t\t\t\t\t\t\t\t\t<p><strong>Desarrollamos y fabricamos <a href=\"https:\/\/www.scentechnologies.com\/tecnologia-molecular\/\">tecnolog\u00eda molecular<\/a> para<\/strong> <strong>eliminar olores indeseados.<\/strong> Nuestras f\u00f3rmulas contienen mol\u00e9culas espec\u00edficas que, al combinarse con las malolientes, dan lugar a nuevas mol\u00e9culas inodoras.<\/p><p><span style=\"color: var( --e-global-color-text ); font-family: var( --e-global-typography-text-font-family ), Sans-serif; font-size: var( --e-global-typography-text-font-size ); font-style: var( --e-global-typography-text-font-style ); letter-spacing: var( --e-global-typography-text-letter-spacing ); text-transform: var( --e-global-typography-text-text-transform ); background-color: var( --e-global-color-c696dce );\">Adem\u00e1s nuestras f\u00f3rmulas incorporan agradables y sutiles aromas. Nuestros diferentes sistemas de aplicaci\u00f3n permiten aplicarlas en cualquier entorno.<\/span><\/p><p><span style=\"background-color: var( --e-global-color-c696dce ); color: var( --e-global-color-text ); font-family: var( --e-global-typography-text-font-family ), Sans-serif; font-size: var( --e-global-typography-text-font-size ); font-style: var( --e-global-typography-text-font-style ); font-weight: var( --e-global-typography-text-font-weight ); letter-spacing: var( --e-global-typography-text-letter-spacing ); text-transform: var( --e-global-typography-text-text-transform );\">Operamos con empresas de m\u00e1s de 25 nacionalidades.<\/span><\/p>\t\t\t\t\t\t\t\t<\/div>\n\t\t\t\t<\/div>\n\t\t\t\t\t<\/div>\n\t\t<\/div>\n\t\t\t\t<div class=\"elementor-column elementor-col-33 elementor-top-column elementor-element elementor-element-fa18e76\" data-id=\"fa18e76\" data-element_type=\"column\" data-e-type=\"column\" data-settings=\"{&quot;background_background&quot;:&quot;classic&quot;}\">\n\t\t\t<div class=\"elementor-widget-wrap elementor-element-populated\">\n\t\t\t\t\t\t<div class=\"elementor-element elementor-element-bbb4c50 elementor-widget__width-initial elementor-invisible elementor-widget elementor-widget-image\" data-id=\"bbb4c50\" data-element_type=\"widget\" data-e-type=\"widget\" data-settings=\"{&quot;motion_fx_motion_fx_scrolling&quot;:&quot;yes&quot;,&quot;motion_fx_translateY_effect&quot;:&quot;yes&quot;,&quot;_animation&quot;:&quot;slideInUp&quot;,&quot;_animation_mobile&quot;:&quot;none&quot;,&quot;motion_fx_translateY_speed&quot;:{&quot;unit&quot;:&quot;px&quot;,&quot;size&quot;:2,&quot;sizes&quot;:[]},&quot;motion_fx_translateY_affectedRange&quot;:{&quot;unit&quot;:&quot;%&quot;,&quot;size&quot;:&quot;&quot;,&quot;sizes&quot;:{&quot;start&quot;:0,&quot;end&quot;:100}},&quot;motion_fx_devices&quot;:[&quot;desktop&quot;,&quot;tablet&quot;,&quot;mobile&quot;]}\" data-widget_type=\"image.default\">\n\t\t\t\t<div class=\"elementor-widget-container\">\n\t\t\t\t\t\t\t\t\t\t\t\t\t\t\t<img fetchpriority=\"high\" decoding=\"async\" width=\"684\" height=\"1024\" src=\"https:\/\/www.scentechnologies.com\/wp-content\/uploads\/2024\/08\/pexels-alinaskazka-25539613-684x1024.webp\" class=\"attachment-large size-large wp-image-3293\" alt=\"\" srcset=\"https:\/\/www.scentechnologies.com\/wp-content\/uploads\/2024\/08\/pexels-alinaskazka-25539613-684x1024.webp 684w, https:\/\/www.scentechnologies.com\/wp-content\/uploads\/2024\/08\/pexels-alinaskazka-25539613-200x300.webp 200w, https:\/\/www.scentechnologies.com\/wp-content\/uploads\/2024\/08\/pexels-alinaskazka-25539613-768x1150.webp 768w, https:\/\/www.scentechnologies.com\/wp-content\/uploads\/2024\/08\/pexels-alinaskazka-25539613-1025x1536.webp 1025w, https:\/\/www.scentechnologies.com\/wp-content\/uploads\/2024\/08\/pexels-alinaskazka-25539613-scaled.webp 1282w, https:\/\/www.scentechnologies.com\/wp-content\/uploads\/2024\/08\/pexels-alinaskazka-25539613-8x12.webp 8w\" sizes=\"(max-width: 684px) 100vw, 684px\" \/>\t\t\t\t\t\t\t\t\t\t\t\t\t\t\t<\/div>\n\t\t\t\t<\/div>\n\t\t\t\t\t<\/div>\n\t\t<\/div>\n\t\t\t\t\t<\/div>\n\t\t<\/section>\n\t\t\t\t<section class=\"elementor-section elementor-top-section elementor-element elementor-element-0e5d50f elementor-section-content-middle elementor-section-boxed elementor-section-height-default elementor-section-height-default elementor-invisible\" data-id=\"0e5d50f\" data-element_type=\"section\" data-e-type=\"section\" data-settings=\"{&quot;background_background&quot;:&quot;classic&quot;,&quot;background_motion_fx_motion_fx_scrolling&quot;:&quot;yes&quot;,&quot;background_motion_fx_translateX_effect&quot;:&quot;yes&quot;,&quot;background_motion_fx_translateX_direction&quot;:&quot;negative&quot;,&quot;background_motion_fx_translateX_speed&quot;:{&quot;unit&quot;:&quot;px&quot;,&quot;size&quot;:6.5,&quot;sizes&quot;:[]},&quot;animation&quot;:&quot;slideInUp&quot;,&quot;background_motion_fx_translateX_affectedRange&quot;:{&quot;unit&quot;:&quot;%&quot;,&quot;size&quot;:&quot;&quot;,&quot;sizes&quot;:{&quot;start&quot;:0,&quot;end&quot;:100}},&quot;background_motion_fx_devices&quot;:[&quot;desktop&quot;,&quot;tablet&quot;,&quot;mobile&quot;]}\">\n\t\t\t\t\t\t\t<div class=\"elementor-background-overlay\"><\/div>\n\t\t\t\t\t\t\t<div class=\"elementor-container elementor-column-gap-default\">\n\t\t\t\t\t<div class=\"elementor-column elementor-col-50 elementor-top-column elementor-element elementor-element-b20029f\" data-id=\"b20029f\" data-element_type=\"column\" data-e-type=\"column\">\n\t\t\t<div class=\"elementor-widget-wrap elementor-element-populated\">\n\t\t\t\t\t\t<div class=\"elementor-element elementor-element-b59b561 elementor-widget-mobile__width-initial elementor-widget elementor-widget-heading\" data-id=\"b59b561\" data-element_type=\"widget\" data-e-type=\"widget\" data-widget_type=\"heading.default\">\n\t\t\t\t<div class=\"elementor-widget-container\">\n\t\t\t\t\t<h3 class=\"elementor-heading-title elementor-size-default\">Elimina olores desde la mol\u00e9cula\u200b<\/h3>\t\t\t\t<\/div>\n\t\t\t\t<\/div>\n\t\t\t\t\t<\/div>\n\t\t<\/div>\n\t\t\t\t<div class=\"elementor-column elementor-col-50 elementor-top-column elementor-element elementor-element-655ac2c\" data-id=\"655ac2c\" data-element_type=\"column\" data-e-type=\"column\">\n\t\t\t<div class=\"elementor-widget-wrap elementor-element-populated\">\n\t\t\t\t\t\t<div class=\"elementor-element elementor-element-b51e40c elementor-align-right elementor-tablet-align-right elementor-mobile-align-justify elementor-widget-tablet__width-initial elementor-widget-mobile__width-initial elementor-widget elementor-widget-button\" data-id=\"b51e40c\" data-element_type=\"widget\" data-e-type=\"widget\" data-widget_type=\"button.default\">\n\t\t\t\t<div class=\"elementor-widget-container\">\n\t\t\t\t\t\t\t\t\t<div class=\"elementor-button-wrapper\">\n\t\t\t\t\t<a class=\"elementor-button elementor-button-link elementor-size-sm\" href=\"https:\/\/www.scentechnologies.com\/contacto\/\">\n\t\t\t\t\t\t<span class=\"elementor-button-content-wrapper\">\n\t\t\t\t\t\t\t\t\t<span class=\"elementor-button-text\">Contacto<\/span>\n\t\t\t\t\t<\/span>\n\t\t\t\t\t<\/a>\n\t\t\t\t<\/div>\n\t\t\t\t\t\t\t\t<\/div>\n\t\t\t\t<\/div>\n\t\t\t\t\t<\/div>\n\t\t<\/div>\n\t\t\t\t\t<\/div>\n\t\t<\/section>\n\t\t\t\t<\/div>\n\t\t","protected":false},"excerpt":{"rendered":"<p>Nosotros Innovando en Barcelona desde 2009 Desarrollamos y fabricamos tecnolog\u00eda molecular para eliminar olores indeseados. Nuestras f\u00f3rmulas contienen mol\u00e9culas espec\u00edficas que, al combinarse con las malolientes, dan lugar a nuevas mol\u00e9culas inodoras. Adem\u00e1s nuestras f\u00f3rmulas incorporan agradables y sutiles aromas. Nuestros diferentes sistemas de aplicaci\u00f3n permiten aplicarlas en cualquier entorno. Operamos con empresas de m\u00e1s [&hellip;]<\/p>\n","protected":false},"author":1,"featured_media":0,"parent":0,"menu_order":0,"comment_status":"closed","ping_status":"closed","template":"elementor_header_footer","meta":{"_monsterinsights_skip_tracking":false,"_monsterinsights_sitenote_active":false,"_monsterinsights_sitenote_note":"","_monsterinsights_sitenote_category":0,"footnotes":""},"class_list":["post-17","page","type-page","status-publish","hentry"],"yoast_head":"<!-- This site is optimized with the Yoast SEO plugin v27.2 - https:\/\/yoast.com\/product\/yoast-seo-wordpress\/ -->\n<title>Nosotros - Scentechnologies<\/title>\n<meta name=\"robots\" content=\"index, follow, max-snippet:-1, max-image-preview:large, max-video-preview:-1\" \/>\n<link rel=\"canonical\" href=\"https:\/\/www.scentechnologies.com\/pl\/nas\/\" \/>\n<meta property=\"og:locale\" content=\"pl_PL\" \/>\n<meta property=\"og:type\" content=\"article\" \/>\n<meta property=\"og:title\" content=\"Nosotros - Scentechnologies\" \/>\n<meta property=\"og:description\" content=\"Nosotros Innovando en Barcelona desde 2009 Desarrollamos y fabricamos tecnolog\u00eda molecular para eliminar olores indeseados. Nuestras f\u00f3rmulas contienen mol\u00e9culas espec\u00edficas que, al combinarse con las malolientes, dan lugar a nuevas mol\u00e9culas inodoras. Adem\u00e1s nuestras f\u00f3rmulas incorporan agradables y sutiles aromas. Nuestros diferentes sistemas de aplicaci\u00f3n permiten aplicarlas en cualquier entorno. Operamos con empresas de m\u00e1s [&hellip;]\" \/>\n<meta property=\"og:url\" content=\"https:\/\/www.scentechnologies.com\/pl\/nas\/\" \/>\n<meta property=\"og:site_name\" content=\"Scentechnologies\" \/>\n<meta property=\"article:modified_time\" content=\"2026-02-18T15:12:08+00:00\" \/>\n<meta property=\"og:image\" content=\"https:\/\/www.scentechnologies.com\/wp-content\/uploads\/2024\/08\/pexels-alinaskazka-25539613-scaled.webp\" \/>\n\t<meta property=\"og:image:width\" content=\"1282\" \/>\n\t<meta property=\"og:image:height\" content=\"1920\" \/>\n\t<meta property=\"og:image:type\" content=\"image\/webp\" \/>\n<meta name=\"twitter:card\" content=\"summary_large_image\" \/>\n<meta name=\"twitter:label1\" content=\"Szacowany czas czytania\" \/>\n\t<meta name=\"twitter:data1\" content=\"1 minuta\" \/>\n<script type=\"application\/ld+json\" class=\"yoast-schema-graph\">{\"@context\":\"https:\/\/schema.org\",\"@graph\":[{\"@type\":\"WebPage\",\"@id\":\"https:\/\/www.scentechnologies.com\/nosotros\/\",\"url\":\"https:\/\/www.scentechnologies.com\/nosotros\/\",\"name\":\"Nosotros - Scentechnologies\",\"isPartOf\":{\"@id\":\"https:\/\/www.scentechnologies.com\/#website\"},\"primaryImageOfPage\":{\"@id\":\"https:\/\/www.scentechnologies.com\/nosotros\/#primaryimage\"},\"image\":{\"@id\":\"https:\/\/www.scentechnologies.com\/nosotros\/#primaryimage\"},\"thumbnailUrl\":\"https:\/\/www.scentechnologies.com\/wp-content\/uploads\/2024\/08\/pexels-alinaskazka-25539613-684x1024.webp\",\"datePublished\":\"2023-06-06T07:25:28+00:00\",\"dateModified\":\"2026-02-18T15:12:08+00:00\",\"breadcrumb\":{\"@id\":\"https:\/\/www.scentechnologies.com\/nosotros\/#breadcrumb\"},\"inLanguage\":\"pl-PL\",\"potentialAction\":[{\"@type\":\"ReadAction\",\"target\":[\"https:\/\/www.scentechnologies.com\/nosotros\/\"]}]},{\"@type\":\"ImageObject\",\"inLanguage\":\"pl-PL\",\"@id\":\"https:\/\/www.scentechnologies.com\/nosotros\/#primaryimage\",\"url\":\"https:\/\/www.scentechnologies.com\/wp-content\/uploads\/2024\/08\/pexels-alinaskazka-25539613-684x1024.webp\",\"contentUrl\":\"https:\/\/www.scentechnologies.com\/wp-content\/uploads\/2024\/08\/pexels-alinaskazka-25539613-684x1024.webp\"},{\"@type\":\"BreadcrumbList\",\"@id\":\"https:\/\/www.scentechnologies.com\/nosotros\/#breadcrumb\",\"itemListElement\":[{\"@type\":\"ListItem\",\"position\":1,\"name\":\"Portada\",\"item\":\"https:\/\/www.scentechnologies.com\/\"},{\"@type\":\"ListItem\",\"position\":2,\"name\":\"Nosotros\"}]},{\"@type\":\"WebSite\",\"@id\":\"https:\/\/www.scentechnologies.com\/#website\",\"url\":\"https:\/\/www.scentechnologies.com\/\",\"name\":\"Scentechnologies\",\"description\":\"Eliminamos olores desde la mol\u00e9cula.\",\"publisher\":{\"@id\":\"https:\/\/www.scentechnologies.com\/#organization\"},\"potentialAction\":[{\"@type\":\"SearchAction\",\"target\":{\"@type\":\"EntryPoint\",\"urlTemplate\":\"https:\/\/www.scentechnologies.com\/?s={search_term_string}\"},\"query-input\":{\"@type\":\"PropertyValueSpecification\",\"valueRequired\":true,\"valueName\":\"search_term_string\"}}],\"inLanguage\":\"pl-PL\"},{\"@type\":\"Organization\",\"@id\":\"https:\/\/www.scentechnologies.com\/#organization\",\"name\":\"Scentechnologies\",\"url\":\"https:\/\/www.scentechnologies.com\/\",\"logo\":{\"@type\":\"ImageObject\",\"inLanguage\":\"pl-PL\",\"@id\":\"https:\/\/www.scentechnologies.com\/#\/schema\/logo\/image\/\",\"url\":\"https:\/\/www.scentechnologies.com\/wp-content\/uploads\/2023\/06\/Scent.oscuro.webp\",\"contentUrl\":\"https:\/\/www.scentechnologies.com\/wp-content\/uploads\/2023\/06\/Scent.oscuro.webp\",\"width\":520,\"height\":158,\"caption\":\"Scentechnologies\"},\"image\":{\"@id\":\"https:\/\/www.scentechnologies.com\/#\/schema\/logo\/image\/\"},\"sameAs\":[\"https:\/\/www.linkedin.com\/company\/scentechnologies\/\"]}]}<\/script>\n<!-- \/ Yoast SEO plugin. -->","yoast_head_json":{"title":"O nas - Scentechnologie","robots":{"index":"index","follow":"follow","max-snippet":"max-snippet:-1","max-image-preview":"max-image-preview:large","max-video-preview":"max-video-preview:-1"},"canonical":"https:\/\/www.scentechnologies.com\/pl\/nas\/","og_locale":"pl_PL","og_type":"article","og_title":"Nosotros - Scentechnologies","og_description":"Nosotros Innovando en Barcelona desde 2009 Desarrollamos y fabricamos tecnolog\u00eda molecular para eliminar olores indeseados. Nuestras f\u00f3rmulas contienen mol\u00e9culas espec\u00edficas que, al combinarse con las malolientes, dan lugar a nuevas mol\u00e9culas inodoras. Adem\u00e1s nuestras f\u00f3rmulas incorporan agradables y sutiles aromas. Nuestros diferentes sistemas de aplicaci\u00f3n permiten aplicarlas en cualquier entorno. Operamos con empresas de m\u00e1s [&hellip;]","og_url":"https:\/\/www.scentechnologies.com\/pl\/nas\/","og_site_name":"Scentechnologies","article_modified_time":"2026-02-18T15:12:08+00:00","og_image":[{"width":1282,"height":1920,"url":"https:\/\/www.scentechnologies.com\/wp-content\/uploads\/2024\/08\/pexels-alinaskazka-25539613-scaled.webp","type":"image\/webp"}],"twitter_card":"summary_large_image","twitter_misc":{"Szacowany czas czytania":"1 minuta"},"schema":{"@context":"https:\/\/schema.org","@graph":[{"@type":"WebPage","@id":"https:\/\/www.scentechnologies.com\/nosotros\/","url":"https:\/\/www.scentechnologies.com\/nosotros\/","name":"O nas - Scentechnologie","isPartOf":{"@id":"https:\/\/www.scentechnologies.com\/#website"},"primaryImageOfPage":{"@id":"https:\/\/www.scentechnologies.com\/nosotros\/#primaryimage"},"image":{"@id":"https:\/\/www.scentechnologies.com\/nosotros\/#primaryimage"},"thumbnailUrl":"https:\/\/www.scentechnologies.com\/wp-content\/uploads\/2024\/08\/pexels-alinaskazka-25539613-684x1024.webp","datePublished":"2023-06-06T07:25:28+00:00","dateModified":"2026-02-18T15:12:08+00:00","breadcrumb":{"@id":"https:\/\/www.scentechnologies.com\/nosotros\/#breadcrumb"},"inLanguage":"pl-PL","potentialAction":[{"@type":"ReadAction","target":["https:\/\/www.scentechnologies.com\/nosotros\/"]}]},{"@type":"ImageObject","inLanguage":"pl-PL","@id":"https:\/\/www.scentechnologies.com\/nosotros\/#primaryimage","url":"https:\/\/www.scentechnologies.com\/wp-content\/uploads\/2024\/08\/pexels-alinaskazka-25539613-684x1024.webp","contentUrl":"https:\/\/www.scentechnologies.com\/wp-content\/uploads\/2024\/08\/pexels-alinaskazka-25539613-684x1024.webp"},{"@type":"BreadcrumbList","@id":"https:\/\/www.scentechnologies.com\/nosotros\/#breadcrumb","itemListElement":[{"@type":"ListItem","position":1,"name":"Portada","item":"https:\/\/www.scentechnologies.com\/"},{"@type":"ListItem","position":2,"name":"Nosotros"}]},{"@type":"WebSite","@id":"https:\/\/www.scentechnologies.com\/#website","url":"https:\/\/www.scentechnologies.com\/","name":"Technologie zapachowe","description":"Eliminujemy zapachy z cz\u0105steczki.","publisher":{"@id":"https:\/\/www.scentechnologies.com\/#organization"},"potentialAction":[{"@type":"SearchAction","target":{"@type":"EntryPoint","urlTemplate":"https:\/\/www.scentechnologies.com\/?s={search_term_string}"},"query-input":{"@type":"PropertyValueSpecification","valueRequired":true,"valueName":"search_term_string"}}],"inLanguage":"pl-PL"},{"@type":"Organization","@id":"https:\/\/www.scentechnologies.com\/#organization","name":"Technologie zapachowe","url":"https:\/\/www.scentechnologies.com\/","logo":{"@type":"ImageObject","inLanguage":"pl-PL","@id":"https:\/\/www.scentechnologies.com\/#\/schema\/logo\/image\/","url":"https:\/\/www.scentechnologies.com\/wp-content\/uploads\/2023\/06\/Scent.oscuro.webp","contentUrl":"https:\/\/www.scentechnologies.com\/wp-content\/uploads\/2023\/06\/Scent.oscuro.webp","width":520,"height":158,"caption":"Scentechnologies"},"image":{"@id":"https:\/\/www.scentechnologies.com\/#\/schema\/logo\/image\/"},"sameAs":["https:\/\/www.linkedin.com\/company\/scentechnologies\/"]}]}},"_links":{"self":[{"href":"https:\/\/www.scentechnologies.com\/pl\/wp-json\/wp\/v2\/pages\/17","targetHints":{"allow":["GET"]}}],"collection":[{"href":"https:\/\/www.scentechnologies.com\/pl\/wp-json\/wp\/v2\/pages"}],"about":[{"href":"https:\/\/www.scentechnologies.com\/pl\/wp-json\/wp\/v2\/types\/page"}],"author":[{"embeddable":true,"href":"https:\/\/www.scentechnologies.com\/pl\/wp-json\/wp\/v2\/users\/1"}],"replies":[{"embeddable":true,"href":"https:\/\/www.scentechnologies.com\/pl\/wp-json\/wp\/v2\/comments?post=17"}],"version-history":[{"count":25,"href":"https:\/\/www.scentechnologies.com\/pl\/wp-json\/wp\/v2\/pages\/17\/revisions"}],"predecessor-version":[{"id":4692,"href":"https:\/\/www.scentechnologies.com\/pl\/wp-json\/wp\/v2\/pages\/17\/revisions\/4692"}],"wp:attachment":[{"href":"https:\/\/www.scentechnologies.com\/pl\/wp-json\/wp\/v2\/media?parent=17"}],"curies":[{"name":"wp","href":"https:\/\/api.w.org\/{rel}","templated":true}]}}